{"id":4938,"date":"2024-12-02T01:53:34","date_gmt":"2024-12-02T01:53:34","guid":{"rendered":"https:\/\/mrpookydesign.com\/?post_type=product&#038;p=4938"},"modified":"2025-10-23T04:23:54","modified_gmt":"2025-10-23T04:23:54","slug":"reve-dhiver-faux-ongles","status":"publish","type":"product","link":"https:\/\/mrpookydesign.com\/fr\/produit\/reve-dhiver-faux-ongles\/","title":{"rendered":"R\u00eave d\u2019Hiver || Faux Ongles No\u00ebl"},"content":{"rendered":"<div class=\"flex-shrink-0 flex flex-col relative items-end\">\n<div>\n<div class=\"pt-0\">\n<div class=\"gizmo-bot-avatar flex h-8 w-8 items-center justify-center overflow-hidden rounded-full\">\n<div class=\"relative p-1 rounded-sm flex items-center justify-center bg-token-main-surface-primary text-token-text-primary h-8 w-8\">\n<div class=\"flex-col gap-1 md:gap-3\">\n<div class=\"flex max-w-full flex-col flex-grow\">\n<div class=\"min-h-8 text-message flex w-full flex-col items-end gap-2 whitespace-normal break-words [.text-message+&amp;]:mt-5\" dir=\"auto\" data-message-author-role=\"assistant\" data-message-id=\"7b7c6474-3e12-48c1-83cd-b9d196991520\" data-message-model-slug=\"gpt-4o\">\n<div class=\"flex w-full flex-col gap-1 empty:hidden first:pt-[3px]\">\n<div class=\"markdown prose w-full break-words dark:prose-invert dark\">\n<p><span style=\"color: #461a3e;\"><strong>Invitez la douceur des f\u00eates et la magie des \u00e9toiles sur vos mains avec les faux ongles \u201cR\u00eave d\u2019Hiver\u201d de Pooky Design, pour un look raffin\u00e9 !<\/strong><\/span><\/p>\n<\/div>\n<\/div>\n<\/div>\n<\/div>\n<\/div>\n<\/div>\n<\/div>\n<\/div>\n<\/div>\n<\/div>\n<p><span style=\"color: #461a3e;\">Inspir\u00e9s des \u00e9toiles scintillantes et des couleurs festives de No\u00ebl, <strong>R\u00eave d&#8217;Hiver<\/strong> combine une base blanche \u00e9l\u00e9gante avec des motifs rouges et verts, minutieusement peints \u00e0 la main avec du gel de haute qualit\u00e9. Ce design refl\u00e8te la cr\u00e9ativit\u00e9 et le savoir-faire expert de <strong>Pooky Design<\/strong>, offrant une finition impeccable, un confort optimal et une tenue durable.<\/span><\/p>\n<p><span style=\"color: #461a3e;\">Chaque ensemble, confectionn\u00e9 avec amour et pr\u00e9cision, est une v\u00e9ritable \u0153uvre d\u2019art \u00e0 porter. Parfait pour illuminer vos f\u00eates ou ajouter une touche d\u2019\u00e9l\u00e9gance \u00e0 votre quotidien, <strong>R\u00eave d&#8217;Hiver<\/strong> incarne l\u2019\u00e9quilibre entre originalit\u00e9 et sophistication.<\/span><\/p>\n<p><span style=\"color: #461a3e;\"><strong>Chaque ensemble de faux ongles comprend tout le n\u00e9cessaire pour une application facile et professionnelle :<\/strong><\/span><\/p>\n<ul>\n<li><span style=\"color: #461a3e;\">Chaque ensemble de faux ongles contient:<\/span>\n<ul>\n<li><span style=\"color: #461a3e;\">Un petit tube de colle<\/span><\/li>\n<li><span style=\"color: #461a3e;\">Un mini-buffer<\/span><\/li>\n<li><span style=\"color: #461a3e;\">Un pousse-cuticule en bois<\/span><\/li>\n<li><span style=\"color: #461a3e;\">Une petite lime<\/span><\/li>\n<li><span style=\"color: #461a3e;\">Deux tampons d\u2019alcool<\/span><\/li>\n<li><span style=\"color: #461a3e;\">Des collants adh\u00e9sifs<\/span><\/li>\n<li><span style=\"color: #461a3e;\">Une feuille d\u2019instruction<\/span><\/li>\n<\/ul>\n<\/li>\n<\/ul>\n<p>&nbsp;<\/p>\n<p><span style=\"color: #461a3e;\"><strong>Options sur mesure :<\/strong><\/span><\/p>\n<p><span style=\"color: #461a3e;\">Les ongles <strong>Pooky Design<\/strong> sont disponibles dans une vari\u00e9t\u00e9 de formes et tailles pour s&#8217;adapter parfaitement \u00e0 vos mains.<\/span><br \/>\n<span style=\"color: #461a3e;\"><strong>Important :<\/strong> Mesurez vos ongles avec soin avant de commander, car les produits personnalis\u00e9s ne sont pas remboursables.<\/span><\/p>\n<p>Besoin d&#8217;aide pour trouver la bonne taille ? D\u00e9couvrez notre <a href=\"https:\/\/mrpookydesign.com\/product-category\/press-on-nails\/sizing-kit\/\"><strong><span data-text-color=\"secondary\">Trousse d\u2019essai !<\/span><\/strong><\/a><\/p>\n<div class=\"group\/conversation-turn relative flex w-full min-w-0 flex-col agent-turn\">\n<div class=\"flex-col gap-1 md:gap-3\">\n<div class=\"flex max-w-full flex-col flex-grow\">\n<div class=\"min-h-8 text-message flex w-full flex-col items-end gap-2 whitespace-normal break-words [.text-message+&amp;]:mt-5\" dir=\"auto\" data-message-author-role=\"assistant\" data-message-id=\"b4e2cea1-834a-4275-a036-f51f511dda29\" data-message-model-slug=\"gpt-4o\">\n<div class=\"flex w-full flex-col gap-1 empty:hidden first:pt-[3px]\">\n<div class=\"markdown prose w-full break-words dark:prose-invert dark\">\n<p><span style=\"color: #461a3e;\"><strong>Conseils pour un r\u00e9sultat optimal :<\/strong><\/span><\/p>\n<ul>\n<li><span style=\"color: #461a3e;\">Pr\u00e9parez vos ongles en les nettoyant et en les polissant soigneusement.<\/span><\/li>\n<li><span style=\"color: #461a3e;\">Suivez les instructions incluses pour une application parfaite et durable.<\/span><\/li>\n<li><span style=\"color: #461a3e;\">Rangez vos ongles avec soin afin de pouvoir les r\u00e9utiliser pour plusieurs occasions !<\/span><\/li>\n<\/ul>\n<\/div>\n<\/div>\n<\/div>\n<\/div>\n<\/div>\n<\/div>\n<p>&nbsp;<\/p>\n<p><span style=\"font-size: 75%;\"><strong>Note<\/strong>: Les ongles illustr\u00e9s sont \u00e0 titre d\u2019exemple. Des variations de couleur peuvent survenir en raison des diff\u00e9rents r\u00e9glages d\u2019\u00e9cran, et chaque design est peint \u00e0 la main, ce qui peut entra\u00eener de l\u00e9g\u00e8res diff\u00e9rences.<\/span><\/p>\n","protected":false},"excerpt":{"rendered":"<div class=\"flex-shrink-0 flex flex-col relative items-end\">\n<div>\n<div class=\"pt-0\">\n<div class=\"gizmo-bot-avatar flex h-8 w-8 items-center justify-center overflow-hidden rounded-full\">\n<div class=\"relative p-1 rounded-sm flex items-center justify-center bg-token-main-surface-primary text-token-text-primary h-8 w-8\">\n<div class=\"flex-col gap-1 md:gap-3\">\n<div class=\"flex max-w-full flex-col flex-grow\">\n<div class=\"min-h-8 text-message flex w-full flex-col items-end gap-2 whitespace-normal break-words [.text-message+&amp;]:mt-5\" dir=\"auto\" data-message-author-role=\"assistant\" data-message-id=\"32dd80d9-108f-4eb8-b63e-bcb26b0c553a\" data-message-model-slug=\"gpt-4o\">\n<div class=\"flex w-full flex-col gap-1 empty:hidden first:pt-[3px]\">\n<div class=\"markdown prose w-full break-words dark:prose-invert dark\">\n<p><span style=\"color: #461a3e;\">Habillez vos mains de douceur feutr\u00e9e et de magie \u00e9toil\u00e9e avec les faux ongles <strong>\u201cR\u00eave d\u2019Hiver\u201d <\/strong>pour un style unique et raffin\u00e9 !<\/span><\/p>\n<\/div>\n<\/div>\n<\/div>\n<\/div>\n<\/div>\n<\/div>\n<\/div>\n<\/div>\n<\/div>\n<\/div>\n","protected":false},"featured_media":4943,"comment_status":"open","ping_status":"closed","template":"","meta":[],"product_brand":[],"product_cat":[160,50],"product_tag":[214],"class_list":{"0":"post-4938","1":"product","2":"type-product","3":"status-publish","4":"has-post-thumbnail","6":"product_cat-collection-permanente","7":"product_cat-faux-ongles-pret-a-porter","8":"product_tag-noel","9":"product_shipping_class-faux-ongles","11":"first","12":"instock","13":"taxable","14":"shipping-taxable","15":"purchasable","16":"product-type-variable"},"aioseo_notices":[],"_links":{"self":[{"href":"https:\/\/mrpookydesign.com\/fr\/wp-json\/wp\/v2\/product\/4938","targetHints":{"allow":["GET"]}}],"collection":[{"href":"https:\/\/mrpookydesign.com\/fr\/wp-json\/wp\/v2\/product"}],"about":[{"href":"https:\/\/mrpookydesign.com\/fr\/wp-json\/wp\/v2\/types\/product"}],"replies":[{"embeddable":true,"href":"https:\/\/mrpookydesign.com\/fr\/wp-json\/wp\/v2\/comments?post=4938"}],"wp:featuredmedia":[{"embeddable":true,"href":"https:\/\/mrpookydesign.com\/fr\/wp-json\/wp\/v2\/media\/4943"}],"wp:attachment":[{"href":"https:\/\/mrpookydesign.com\/fr\/wp-json\/wp\/v2\/media?parent=4938"}],"wp:term":[{"taxonomy":"product_brand","embeddable":true,"href":"https:\/\/mrpookydesign.com\/fr\/wp-json\/wp\/v2\/product_brand?post=4938"},{"taxonomy":"product_cat","embeddable":true,"href":"https:\/\/mrpookydesign.com\/fr\/wp-json\/wp\/v2\/product_cat?post=4938"},{"taxonomy":"product_tag","embeddable":true,"href":"https:\/\/mrpookydesign.com\/fr\/wp-json\/wp\/v2\/product_tag?post=4938"}],"curies":[{"name":"wp","href":"https:\/\/api.w.org\/{rel}","templated":true}]}}