{"id":4408,"date":"2024-12-01T22:21:56","date_gmt":"2024-12-01T22:21:56","guid":{"rendered":"https:\/\/mrpookydesign.com\/?post_type=product&#038;p=4408"},"modified":"2024-12-02T00:13:39","modified_gmt":"2024-12-02T00:13:39","slug":"sallys-spellbinding-touch-faux-ongles-halloween","status":"publish","type":"product","link":"https:\/\/mrpookydesign.com\/fr\/produit\/sallys-spellbinding-touch-faux-ongles-halloween\/","title":{"rendered":"&#8220;Sally\u2019s Spellbinding Touch&#8221; \u2013 Faux Ongles Halloween || Inspir\u00e9s par l&#8217;univers de l&#8217;\u00c9trange No\u00ebl de Mr Jack"},"content":{"rendered":"<p><strong>Apportez une touche artistique \u00e0 vos mains avec les faux ongles Halloween\u00a0&#8220;Sally\u2019s Spellbinding Touch&#8221; de Pooky Design !<\/strong><\/p>\n<p>Plongez dans l&#8217;univers d&#8217;Halloween Town avec cet ensemble de faux ongles inspir\u00e9 par l&#8217;iconique Sally de L&#8217;\u00c9trange No\u00ebl de Monsieur Jack. Chaque ongle est peint \u00e0 la main avec des couleurs vibrantes et des motifs d\u00e9taill\u00e9s rappelant sa c\u00e9l\u00e8bre robe, pour un design \u00e0 la fois fantaisiste et unique !<\/p>\n<p>Pr\u00eats \u00e0 faire sensation ? Commandez maintenant et attirez tous les regards avec ces cr\u00e9ations uniques et audacieuses !<\/p>\n<p><strong>Chaque ensemble de faux ongles comprend tout le n\u00e9cessaire pour une application facile et professionnelle :<\/strong><\/p>\n<ul>\n<li>Chaque ensemble de faux ongles contient:\n<ul>\n<li>Un petit tube de colle<\/li>\n<li>Un mini-buffer<\/li>\n<li>Un pousse-cuticule en bois<\/li>\n<li>Une petite lime<\/li>\n<li>Deux tampons d\u2019alcool<\/li>\n<li>Des collants adh\u00e9sifs<\/li>\n<li>Une feuille d\u2019instruction<\/li>\n<\/ul>\n<\/li>\n<\/ul>\n<p>&nbsp;<\/p>\n<p><strong>Options sur mesure :<\/strong><\/p>\n<p>Les ongles <strong>Pooky Design<\/strong> sont disponibles dans une vari\u00e9t\u00e9 de formes et tailles pour s&#8217;adapter parfaitement \u00e0 vos mains.<br \/>\n<strong>Important :<\/strong> Mesurez vos ongles avec soin avant de commander, car les produits personnalis\u00e9s ne sont pas remboursables.<\/p>\n<p>Besoin d&#8217;aide pour trouver la bonne taille ? D\u00e9couvrez notre <a href=\"https:\/\/mrpookydesign.com\/product-category\/press-on-nails\/sizing-kit\/\"><strong><span data-text-color=\"secondary\">Trousse d\u2019essai !<\/span><\/strong><\/a><\/p>\n<div class=\"group\/conversation-turn relative flex w-full min-w-0 flex-col agent-turn\">\n<div class=\"flex-col gap-1 md:gap-3\">\n<div class=\"flex max-w-full flex-col flex-grow\">\n<div class=\"min-h-8 text-message flex w-full flex-col items-end gap-2 whitespace-normal break-words [.text-message+&amp;]:mt-5\" dir=\"auto\" data-message-author-role=\"assistant\" data-message-id=\"b4e2cea1-834a-4275-a036-f51f511dda29\" data-message-model-slug=\"gpt-4o\">\n<div class=\"flex w-full flex-col gap-1 empty:hidden first:pt-[3px]\">\n<div class=\"markdown prose w-full break-words dark:prose-invert dark\">\n<p><strong>Conseils pour un r\u00e9sultat optimal :<\/strong><\/p>\n<ul>\n<li>Pr\u00e9parez vos ongles en les nettoyant et en les polissant soigneusement.<\/li>\n<li>Suivez les instructions incluses pour une application parfaite et durable.<\/li>\n<li>Rangez vos ongles avec soin afin de pouvoir les r\u00e9utiliser pour plusieurs occasions !<\/li>\n<\/ul>\n<\/div>\n<\/div>\n<\/div>\n<\/div>\n<\/div>\n<\/div>\n<p>&nbsp;<\/p>\n<p><span style=\"font-size: 75%;\"><strong>Note<\/strong>: Les ongles illustr\u00e9s sont \u00e0 titre d\u2019exemple. Des variations de couleur peuvent survenir en raison des diff\u00e9rents r\u00e9glages d\u2019\u00e9cran, et chaque design est peint \u00e0 la main, ce qui peut entra\u00eener de l\u00e9g\u00e8res diff\u00e9rences.<\/span><\/p>\n<p><span style=\"font-size: 75%;\"><strong><em>R<\/em><\/strong><em><strong>emarque:<\/strong> Ces cr\u00e9ations sont des fan art inspir\u00e9s par l&#8217;univers de Jack Skeleton et sont r\u00e9alis\u00e9es \u00e0 titre artistique sans intention de contrefaire les droits d&#8217;auteur du personnage original.<\/em><\/span><\/p>\n","protected":false},"excerpt":{"rendered":"<p>Apportez une touche artistique \u00e0 vos mains avec les faux ongles Halloween\u00a0&#8220;Sally\u2019s Spellbinding Touch&#8221; de Pooky Design !<\/p>\n","protected":false},"featured_media":4421,"comment_status":"open","ping_status":"closed","template":"","meta":[],"product_brand":[],"product_cat":[160,50,15],"product_tag":[205,214],"class_list":{"0":"post-4408","1":"product","2":"type-product","3":"status-publish","4":"has-post-thumbnail","6":"product_cat-collection-permanente","7":"product_cat-faux-ongles-pret-a-porter","8":"product_cat-non-classe","9":"product_tag-halloween","10":"product_tag-noel","11":"product_shipping_class-faux-ongles","13":"first","14":"instock","15":"taxable","16":"shipping-taxable","17":"purchasable","18":"product-type-variable"},"aioseo_notices":[],"_links":{"self":[{"href":"https:\/\/mrpookydesign.com\/fr\/wp-json\/wp\/v2\/product\/4408","targetHints":{"allow":["GET"]}}],"collection":[{"href":"https:\/\/mrpookydesign.com\/fr\/wp-json\/wp\/v2\/product"}],"about":[{"href":"https:\/\/mrpookydesign.com\/fr\/wp-json\/wp\/v2\/types\/product"}],"replies":[{"embeddable":true,"href":"https:\/\/mrpookydesign.com\/fr\/wp-json\/wp\/v2\/comments?post=4408"}],"wp:featuredmedia":[{"embeddable":true,"href":"https:\/\/mrpookydesign.com\/fr\/wp-json\/wp\/v2\/media\/4421"}],"wp:attachment":[{"href":"https:\/\/mrpookydesign.com\/fr\/wp-json\/wp\/v2\/media?parent=4408"}],"wp:term":[{"taxonomy":"product_brand","embeddable":true,"href":"https:\/\/mrpookydesign.com\/fr\/wp-json\/wp\/v2\/product_brand?post=4408"},{"taxonomy":"product_cat","embeddable":true,"href":"https:\/\/mrpookydesign.com\/fr\/wp-json\/wp\/v2\/product_cat?post=4408"},{"taxonomy":"product_tag","embeddable":true,"href":"https:\/\/mrpookydesign.com\/fr\/wp-json\/wp\/v2\/product_tag?post=4408"}],"curies":[{"name":"wp","href":"https:\/\/api.w.org\/{rel}","templated":true}]}}