{"id":4066,"date":"2024-11-24T20:53:16","date_gmt":"2024-11-24T20:53:16","guid":{"rendered":"https:\/\/mrpookydesign.com\/?post_type=product&#038;p=4066"},"modified":"2024-12-02T00:14:06","modified_gmt":"2024-12-02T00:14:06","slug":"nightmare-elegance-jack-skeleton-faux-ongles-halloween","status":"publish","type":"product","link":"https:\/\/mrpookydesign.com\/fr\/produit\/nightmare-elegance-jack-skeleton-faux-ongles-halloween\/","title":{"rendered":"&#8220;Nightmare Elegance&#8221; \u2013 Faux Ongles Halloween || Inspir\u00e9s par l&#8217;univers de Jack Skellington"},"content":{"rendered":"<p><strong>Transformez vos mains en v\u00e9ritables \u0153uvres d&#8217;art avec les faux ongles Halloween &#8220;Nightmare Elegance&#8221; de Pooky Design !<\/strong><\/p>\n<div class=\"flex-shrink-0 flex flex-col relative items-end\">\n<div>\n<div class=\"pt-0\">\n<div class=\"gizmo-bot-avatar flex h-8 w-8 items-center justify-center overflow-hidden rounded-full\">\n<div class=\"relative p-1 rounded-sm flex items-center justify-center bg-token-main-surface-primary text-token-text-primary h-8 w-8\">\n<div class=\"flex-col gap-1 md:gap-3\">\n<div class=\"flex max-w-full flex-col flex-grow\">\n<div class=\"min-h-8 text-message flex w-full flex-col items-end gap-2 whitespace-normal break-words [.text-message+&amp;]:mt-5\" dir=\"auto\" data-message-author-role=\"assistant\" data-message-id=\"f2d15bb2-3ab3-42ea-97c9-5e22d953ca78\" data-message-model-slug=\"gpt-4o\">\n<div class=\"flex w-full flex-col gap-1 empty:hidden first:pt-[3px]\">\n<div class=\"markdown prose w-full break-words dark:prose-invert dark\">\n<p><span style=\"color: #461a3e;\">Plongez dans l&#8217;univers magique de Jack Skellington avec ces press-on nails peints \u00e0 la main. Chaque d\u00e9tail, des d\u00e9licates toiles d&#8217;araign\u00e9es aux rayures embl\u00e9matiques, a \u00e9t\u00e9 soigneusement con\u00e7u pour refl\u00e9ter l&#8217;esprit enchanteur de ce monde fascinant. Les designs noirs et blancs ajoutent une touche de sophistication intemporelle, id\u00e9ale pour sublimer votre style d&#8217;Halloween. Parfaits pour s&#8217;harmoniser avec une multitude de tenues, qu&#8217;elles soient fantaisistes ou audacieusement originales.<\/span><\/p>\n<\/div>\n<\/div>\n<\/div>\n<\/div>\n<\/div>\n<\/div>\n<\/div>\n<\/div>\n<\/div>\n<\/div>\n<p><span style=\"color: #461a3e;\">Pr\u00eats \u00e0 faire sensation ? Commandez maintenant et attirez tous les regards avec ces cr\u00e9ations uniques et audacieuses !<\/span><\/p>\n<p><strong>Chaque ensemble de faux ongles comprend tout le n\u00e9cessaire pour une application facile et professionnelle :<\/strong><\/p>\n<ul>\n<li>Chaque ensemble de faux ongles contient:\n<ul>\n<li>Un petit tube de colle<\/li>\n<li>Un mini-buffer<\/li>\n<li>Un pousse-cuticule en bois<\/li>\n<li>Une petite lime<\/li>\n<li>Deux tampons d\u2019alcool<\/li>\n<li>Des collants adh\u00e9sifs<\/li>\n<li>Une feuille d\u2019instruction<\/li>\n<\/ul>\n<\/li>\n<\/ul>\n<p>&nbsp;<\/p>\n<p><strong>Options sur mesure :<\/strong><\/p>\n<p>Les ongles <strong>Pooky Design<\/strong> sont disponibles dans une vari\u00e9t\u00e9 de formes et tailles pour s&#8217;adapter parfaitement \u00e0 vos mains.<br \/>\n<strong>Important :<\/strong> Mesurez vos ongles avec soin avant de commander, car les produits personnalis\u00e9s ne sont pas remboursables.<\/p>\n<p>Besoin d&#8217;aide pour trouver la bonne taille ? D\u00e9couvrez notre <a href=\"https:\/\/mrpookydesign.com\/product-category\/press-on-nails\/sizing-kit\/\"><strong><span data-text-color=\"secondary\">Trousse d\u2019essai !<\/span><\/strong><\/a><\/p>\n<div class=\"group\/conversation-turn relative flex w-full min-w-0 flex-col agent-turn\">\n<div class=\"flex-col gap-1 md:gap-3\">\n<div class=\"flex max-w-full flex-col flex-grow\">\n<div class=\"min-h-8 text-message flex w-full flex-col items-end gap-2 whitespace-normal break-words [.text-message+&amp;]:mt-5\" dir=\"auto\" data-message-author-role=\"assistant\" data-message-id=\"b4e2cea1-834a-4275-a036-f51f511dda29\" data-message-model-slug=\"gpt-4o\">\n<div class=\"flex w-full flex-col gap-1 empty:hidden first:pt-[3px]\">\n<div class=\"markdown prose w-full break-words dark:prose-invert dark\">\n<p><span style=\"color: #461a3e;\"><strong>Conseils pour un r\u00e9sultat optimal :<\/strong><\/span><\/p>\n<ul>\n<li><span style=\"color: #461a3e;\">Pr\u00e9parez vos ongles en les nettoyant et en les polissant soigneusement.<\/span><\/li>\n<li><span style=\"color: #461a3e;\">Suivez les instructions incluses pour une application parfaite et durable.<\/span><\/li>\n<li><span style=\"color: #461a3e;\">Rangez vos ongles avec soin afin de pouvoir les r\u00e9utiliser pour plusieurs occasions !<\/span><\/li>\n<\/ul>\n<\/div>\n<\/div>\n<\/div>\n<\/div>\n<\/div>\n<\/div>\n<p>&nbsp;<\/p>\n<p><span style=\"font-size: 75%;\"><strong>Note<\/strong>: Les ongles illustr\u00e9s sont \u00e0 titre d\u2019exemple. Des variations de couleur peuvent survenir en raison des diff\u00e9rents r\u00e9glages d\u2019\u00e9cran, et chaque design est peint \u00e0 la main, ce qui peut entra\u00eener de l\u00e9g\u00e8res diff\u00e9rences.<\/span><\/p>\n<p><strong><span style=\"font-size: 75%;\"><em>R<\/em><\/span><\/strong><span style=\"font-size: 75%;\"><em><strong>emarque:<\/strong> Ces cr\u00e9ations sont des fan art inspir\u00e9s par l&#8217;univers de Jack Skeleton et sont r\u00e9alis\u00e9es \u00e0 titre artistique sans intention de contrefaire les droits d&#8217;auteur du personnage original.<\/em><\/span><\/p>\n","protected":false},"excerpt":{"rendered":"<p>Faites de vos mains des \u0153uvres d&#8217;art et plongez dans l&#8217;univers enchanteur de Jack Skellington avec ces faux ongles minutieusement peints \u00e0 la main !<\/p>\n","protected":false},"featured_media":4069,"comment_status":"open","ping_status":"closed","template":"","meta":[],"product_brand":[],"product_cat":[160,50],"product_tag":[205,214,206],"class_list":{"0":"post-4066","1":"product","2":"type-product","3":"status-publish","4":"has-post-thumbnail","6":"product_cat-collection-permanente","7":"product_cat-faux-ongles-pret-a-porter","8":"product_tag-halloween","9":"product_tag-noel","10":"product_tag-tenebreux","11":"product_shipping_class-faux-ongles","13":"first","14":"instock","15":"taxable","16":"shipping-taxable","17":"purchasable","18":"product-type-variable"},"aioseo_notices":[],"_links":{"self":[{"href":"https:\/\/mrpookydesign.com\/fr\/wp-json\/wp\/v2\/product\/4066","targetHints":{"allow":["GET"]}}],"collection":[{"href":"https:\/\/mrpookydesign.com\/fr\/wp-json\/wp\/v2\/product"}],"about":[{"href":"https:\/\/mrpookydesign.com\/fr\/wp-json\/wp\/v2\/types\/product"}],"replies":[{"embeddable":true,"href":"https:\/\/mrpookydesign.com\/fr\/wp-json\/wp\/v2\/comments?post=4066"}],"wp:featuredmedia":[{"embeddable":true,"href":"https:\/\/mrpookydesign.com\/fr\/wp-json\/wp\/v2\/media\/4069"}],"wp:attachment":[{"href":"https:\/\/mrpookydesign.com\/fr\/wp-json\/wp\/v2\/media?parent=4066"}],"wp:term":[{"taxonomy":"product_brand","embeddable":true,"href":"https:\/\/mrpookydesign.com\/fr\/wp-json\/wp\/v2\/product_brand?post=4066"},{"taxonomy":"product_cat","embeddable":true,"href":"https:\/\/mrpookydesign.com\/fr\/wp-json\/wp\/v2\/product_cat?post=4066"},{"taxonomy":"product_tag","embeddable":true,"href":"https:\/\/mrpookydesign.com\/fr\/wp-json\/wp\/v2\/product_tag?post=4066"}],"curies":[{"name":"wp","href":"https:\/\/api.w.org\/{rel}","templated":true}]}}