{"id":3974,"date":"2024-10-06T23:13:13","date_gmt":"2024-10-06T23:13:13","guid":{"rendered":"https:\/\/mrpookydesign.com\/?post_type=product&#038;p=3974"},"modified":"2024-11-24T21:21:27","modified_gmt":"2024-11-24T21:21:27","slug":"araignees-glamour-et-audacieuses-faux-ongles-halloween","status":"publish","type":"product","link":"https:\/\/mrpookydesign.com\/fr\/produit\/araignees-glamour-et-audacieuses-faux-ongles-halloween\/","title":{"rendered":"Araign\u00e9es glamour et audacieuses || Faux ongles Halloween"},"content":{"rendered":"<p>\u00c9levez votre style pour Halloween avec nos faux ongles <strong>Araign\u00e9es Glamour et Audacieuses &#8211; Faux ongles Halloween<\/strong>! Non seulement ils sont dot\u00e9s de pointes orange \u00e9clatantes, mais aussi de toiles d&#8217;araign\u00e9e minutieusement peintes \u00e0 la main, et des araign\u00e9es incrust\u00e9es de pierres pr\u00e9cieuses, ces ongles sont l&#8217;accessoire parfait pour compl\u00e9ter un costume de sorci\u00e8re ou un look th\u00e9matique d&#8217;Halloween. Faites sensation \u00e0 toutes vos soir\u00e9es d&#8217;Halloween avec des ongles qui allient audace et glamour !<\/p>\n<p><strong>Chaque ensemble de faux ongles contient:<\/strong><\/p>\n<ul>\n<li>Un petit tube de colle<\/li>\n<li>Un mini-buffer<\/li>\n<li>Un pousse-cuticule en bois<\/li>\n<li>Une petite lime<\/li>\n<li>Deux tampons d\u2019alcool<\/li>\n<li>Des collants adh\u00e9sifs<\/li>\n<li>Une feuille d\u2019instruction<\/li>\n<\/ul>\n<p>&nbsp;<\/p>\n<p><strong>Option Sur Mesure<\/strong>:<\/p>\n<ul>\n<li>Les ongles Pooky Design sont disponibles en diff\u00e9rentes formes et tailles pour s&#8217;adapter parfaitement \u00e0 vos ongles. <em>Assurez-vous que vous avez bien mesurer vos grandeurs car il n\u2019y aura aucun remboursement s\u2019il y a eu erreur.<\/em><\/li>\n<\/ul>\n<p><a href=\"https:\/\/mrpookydesign.com\/fr\/categorie-produit\/faux-ongles-pret-a-porter\/trousse-dessai\/\"><strong><span data-text-color=\"secondary\">Trousse d\u2019essai disponible!<\/span><\/strong><\/a><\/p>\n<p>&nbsp;<\/p>\n<p><span style=\"font-size: 75%;\"><strong>Note<\/strong>: Les ongles illustr\u00e9s sont \u00e0 titre d\u2019exemple. Des variations de couleur peuvent survenir en raison des diff\u00e9rents r\u00e9glages d\u2019\u00e9cran, et chaque design est peint \u00e0 la main, ce qui peut entra\u00eener de l\u00e9g\u00e8res diff\u00e9rences..<\/span><\/p>\n","protected":false},"excerpt":{"rendered":"<p>\u00c9levez votre style pour Halloween avec nos faux ongles! Permettez-vous un look \u00e9l\u00e9gant et audacieux avec les pointes orange vives, toiles d&#8217;araign\u00e9e peintes \u00e0 la main et araign\u00e9es incrust\u00e9es de pierres pr\u00e9cieuses.<\/p>\n","protected":false},"featured_media":3987,"comment_status":"open","ping_status":"closed","template":"","meta":[],"product_brand":[],"product_cat":[160,50],"product_tag":[205,216],"class_list":{"0":"post-3974","1":"product","2":"type-product","3":"status-publish","4":"has-post-thumbnail","6":"product_cat-collection-permanente","7":"product_cat-faux-ongles-pret-a-porter","8":"product_tag-halloween","9":"product_tag-scintillant","10":"product_shipping_class-faux-ongles","12":"first","13":"instock","14":"taxable","15":"shipping-taxable","16":"purchasable","17":"product-type-variable"},"aioseo_notices":[],"_links":{"self":[{"href":"https:\/\/mrpookydesign.com\/fr\/wp-json\/wp\/v2\/product\/3974","targetHints":{"allow":["GET"]}}],"collection":[{"href":"https:\/\/mrpookydesign.com\/fr\/wp-json\/wp\/v2\/product"}],"about":[{"href":"https:\/\/mrpookydesign.com\/fr\/wp-json\/wp\/v2\/types\/product"}],"replies":[{"embeddable":true,"href":"https:\/\/mrpookydesign.com\/fr\/wp-json\/wp\/v2\/comments?post=3974"}],"wp:featuredmedia":[{"embeddable":true,"href":"https:\/\/mrpookydesign.com\/fr\/wp-json\/wp\/v2\/media\/3987"}],"wp:attachment":[{"href":"https:\/\/mrpookydesign.com\/fr\/wp-json\/wp\/v2\/media?parent=3974"}],"wp:term":[{"taxonomy":"product_brand","embeddable":true,"href":"https:\/\/mrpookydesign.com\/fr\/wp-json\/wp\/v2\/product_brand?post=3974"},{"taxonomy":"product_cat","embeddable":true,"href":"https:\/\/mrpookydesign.com\/fr\/wp-json\/wp\/v2\/product_cat?post=3974"},{"taxonomy":"product_tag","embeddable":true,"href":"https:\/\/mrpookydesign.com\/fr\/wp-json\/wp\/v2\/product_tag?post=3974"}],"curies":[{"name":"wp","href":"https:\/\/api.w.org\/{rel}","templated":true}]}}