{"id":3148,"date":"2022-10-24T01:37:18","date_gmt":"2022-10-24T01:37:18","guid":{"rendered":"https:\/\/mrpookydesign.com\/?post_type=product&#038;p=3148"},"modified":"2023-10-13T02:06:18","modified_gmt":"2023-10-13T02:06:18","slug":"fan-art-illustration-krokmou-de-dragons","status":"publish","type":"product","link":"https:\/\/mrpookydesign.com\/fr\/produit\/fan-art-illustration-krokmou-de-dragons\/","title":{"rendered":"Fan Art Illustration &#8211; Krokmou de Dragons"},"content":{"rendered":"<p>Impression d\u2019une illustration digitale  8\u201c 1\/2 x 11\u201c  <\/p>\n<p>*Si vous d\u00e9sirez que je signe l\u2019illustration sur le devant, vous pouvez me l\u2019indiquer dans \u00abNote au vendeur\u00bb lorsque vous passez votre commande. <\/p>\n<p>Imprim\u00e9e au Qu\u00e9bec.<\/p>\n<p>\u2022 Format 8\u201c 1\/2 x 11<br \/>\n\u2022 Illustration \u00e9tamp\u00e9e \u00e0 l&#8217;arri\u00e8re<br \/>\n\u2022 Impression sur papier haut de gamme<br \/>\n\u2022 Les couleurs peuvent \u00eatre l\u00e9g\u00e8rement diff\u00e9rentes de ce que vous voyez \u00e0 votre \u00e9cran<br \/>\n\u2022 Emball\u00e9e et prot\u00e9g\u00e9e dans une pochette plastique et une enveloppe cartonn\u00e9e pour l&#8217;exp\u00e9dition<\/p>\n<p>Tous droits r\u00e9serv\u00e9s \u00a9 Monsieur Pooky Design<\/p>\n","protected":false},"excerpt":{"rendered":"<p>Impression d\u2019une illustration digitale<br \/>\n8\u201c 1\/2 x 11\u201c  <\/p>\n","protected":false},"featured_media":3151,"comment_status":"open","ping_status":"closed","template":"","meta":[],"product_brand":[],"product_cat":[49,80],"product_tag":[],"class_list":{"0":"post-3148","1":"product","2":"type-product","3":"status-publish","4":"has-post-thumbnail","6":"product_cat-creations-graphiques","7":"product_cat-illustrations","8":"product_shipping_class-cremes-huiles","10":"first","11":"instock","12":"taxable","13":"shipping-taxable","14":"purchasable","15":"product-type-simple"},"aioseo_notices":[],"_links":{"self":[{"href":"https:\/\/mrpookydesign.com\/fr\/wp-json\/wp\/v2\/product\/3148","targetHints":{"allow":["GET"]}}],"collection":[{"href":"https:\/\/mrpookydesign.com\/fr\/wp-json\/wp\/v2\/product"}],"about":[{"href":"https:\/\/mrpookydesign.com\/fr\/wp-json\/wp\/v2\/types\/product"}],"replies":[{"embeddable":true,"href":"https:\/\/mrpookydesign.com\/fr\/wp-json\/wp\/v2\/comments?post=3148"}],"wp:featuredmedia":[{"embeddable":true,"href":"https:\/\/mrpookydesign.com\/fr\/wp-json\/wp\/v2\/media\/3151"}],"wp:attachment":[{"href":"https:\/\/mrpookydesign.com\/fr\/wp-json\/wp\/v2\/media?parent=3148"}],"wp:term":[{"taxonomy":"product_brand","embeddable":true,"href":"https:\/\/mrpookydesign.com\/fr\/wp-json\/wp\/v2\/product_brand?post=3148"},{"taxonomy":"product_cat","embeddable":true,"href":"https:\/\/mrpookydesign.com\/fr\/wp-json\/wp\/v2\/product_cat?post=3148"},{"taxonomy":"product_tag","embeddable":true,"href":"https:\/\/mrpookydesign.com\/fr\/wp-json\/wp\/v2\/product_tag?post=3148"}],"curies":[{"name":"wp","href":"https:\/\/api.w.org\/{rel}","templated":true}]}}