{"id":2753,"date":"2022-07-20T14:54:09","date_gmt":"2022-07-20T14:54:09","guid":{"rendered":"https:\/\/mrpookydesign.com\/?post_type=product&#038;p=2753"},"modified":"2024-10-09T04:01:32","modified_gmt":"2024-10-09T04:01:32","slug":"meli-melo-colore-faux-ongles","status":"publish","type":"product","link":"https:\/\/mrpookydesign.com\/fr\/produit\/meli-melo-colore-faux-ongles\/","title":{"rendered":"M\u00e9li M\u00e9lo Color\u00e9 || Faux Ongles"},"content":{"rendered":"<p>D\u00e9couvrez la collection de faux ongles <strong>Pr\u00eats \u00e0 partir<\/strong> de Pooky Design. Pas besoin d&#8217;attendre, chaque paire est soigneusement con\u00e7ue et pr\u00eate \u00e0 sublimer votre look d\u00e8s maintenant!<\/p>\n<p><strong>Ce qui est inclut<\/strong>:<\/p>\n<ul>\n<li>Chaque ensemble de faux ongles contient:\n<ul>\n<li>Un petit tube de colle<\/li>\n<li>Un mini-buffer<\/li>\n<li>Un pousse-cuticule en bois<\/li>\n<li>Une petite lime<\/li>\n<li>Deux tampons d\u2019alcool<\/li>\n<li>Des collants adh\u00e9sifs<\/li>\n<li>Une feuille d\u2019instruction<\/li>\n<\/ul>\n<\/li>\n<\/ul>\n<p>&nbsp;<\/p>\n<p><a href=\"https:\/\/mrpookydesign.com\/product-category\/press-on-nails\/sizing-kit\/\"><strong><span data-text-color=\"secondary\">Trousse d\u2019essai disponible!<\/span><\/strong><\/a><\/p>\n<p><span style=\"font-size: 75%;\"><strong>Note<\/strong>: Les ongles illustr\u00e9s sont \u00e0 titre d\u2019exemple. Des variations de couleur peuvent survenir en raison des diff\u00e9rents r\u00e9glages d\u2019\u00e9cran, et chaque design est peint \u00e0 la main, ce qui peut entra\u00eener de l\u00e9g\u00e8res diff\u00e9rences.<\/span><\/p>\n","protected":false},"excerpt":{"rendered":"<p>Ensemble de 10 capsules<\/p>\n<p><strong>Forme &amp; Longueur :<\/strong><br \/>\nRond Court<\/p>\n<p><strong>Grandeurs :<\/strong><\/p>\n<p>#0 = 19 mm &#8211; Pouce<br \/>\n#5 = 14 mm &#8211; Index<br \/>\n#3 = 16 mm &#8211; Majeur<br \/>\n#4 = 15 mm &#8211; Annulaire<br \/>\n#7 = 12 mm &#8211; Auriculaire<\/p>\n","protected":false},"featured_media":2756,"comment_status":"open","ping_status":"closed","template":"","meta":[],"product_brand":[],"product_cat":[50,51],"product_tag":[207],"class_list":{"0":"post-2753","1":"product","2":"type-product","3":"status-publish","4":"has-post-thumbnail","6":"product_cat-faux-ongles-pret-a-porter","7":"product_cat-pret-a-partir","8":"product_tag-kawaii","9":"product_shipping_class-faux-ongles","11":"first","12":"instock","13":"taxable","14":"shipping-taxable","15":"purchasable","16":"product-type-simple"},"aioseo_notices":[],"_links":{"self":[{"href":"https:\/\/mrpookydesign.com\/fr\/wp-json\/wp\/v2\/product\/2753","targetHints":{"allow":["GET"]}}],"collection":[{"href":"https:\/\/mrpookydesign.com\/fr\/wp-json\/wp\/v2\/product"}],"about":[{"href":"https:\/\/mrpookydesign.com\/fr\/wp-json\/wp\/v2\/types\/product"}],"replies":[{"embeddable":true,"href":"https:\/\/mrpookydesign.com\/fr\/wp-json\/wp\/v2\/comments?post=2753"}],"wp:featuredmedia":[{"embeddable":true,"href":"https:\/\/mrpookydesign.com\/fr\/wp-json\/wp\/v2\/media\/2756"}],"wp:attachment":[{"href":"https:\/\/mrpookydesign.com\/fr\/wp-json\/wp\/v2\/media?parent=2753"}],"wp:term":[{"taxonomy":"product_brand","embeddable":true,"href":"https:\/\/mrpookydesign.com\/fr\/wp-json\/wp\/v2\/product_brand?post=2753"},{"taxonomy":"product_cat","embeddable":true,"href":"https:\/\/mrpookydesign.com\/fr\/wp-json\/wp\/v2\/product_cat?post=2753"},{"taxonomy":"product_tag","embeddable":true,"href":"https:\/\/mrpookydesign.com\/fr\/wp-json\/wp\/v2\/product_tag?post=2753"}],"curies":[{"name":"wp","href":"https:\/\/api.w.org\/{rel}","templated":true}]}}