{"id":1035,"date":"2022-03-29T15:44:47","date_gmt":"2022-03-29T15:44:47","guid":{"rendered":"https:\/\/mrpookydesign.com\/?post_type=product&#038;p=1035"},"modified":"2024-10-09T14:10:34","modified_gmt":"2024-10-09T14:10:34","slug":"pousse-cuticules-en-bois-faux-ongles","status":"publish","type":"product","link":"https:\/\/mrpookydesign.com\/fr\/produit\/pousse-cuticules-en-bois-faux-ongles\/","title":{"rendered":"Pousse cuticules en bois || Faux Ongles"},"content":{"rendered":"<p>Besoin d&#8217;un pousse cuticules en bois suppl\u00e9mentaire ?<\/p>\n<p>Cet outil en bois polyvalent facilite non seulement le retrait en douceur des cuticules, mais aide aussi \u00e0 retirer vos faux ongles gr\u00e2ce \u00e0 sa pointe pr\u00e9cise.<\/p>\n<p>&nbsp;<\/p>\n<p>Regardez la vid\u00e9o<span data-text-bg=\"primary\"><strong> <a href=\"https:\/\/mrpookydesign.com\/fr\/faq\/\">Comment appliquer les faux ongles<\/a><\/strong><\/span> ici.<\/p>\n","protected":false},"excerpt":{"rendered":"<p>Le pousse cuticules est un outil polyvalent pour l&#8217;application et le retrait de faux ongles.<\/p>\n","protected":false},"featured_media":1106,"comment_status":"open","ping_status":"closed","template":"","meta":[],"product_brand":[],"product_cat":[59,90,50],"product_tag":[228],"class_list":{"0":"post-1035","1":"product","2":"type-product","3":"status-publish","4":"has-post-thumbnail","6":"product_cat-essentiels-extra","7":"product_cat-extras-les-essentiels","8":"product_cat-faux-ongles-pret-a-porter","9":"product_tag-application-faux-ongles","10":"product_shipping_class-autres-gratuit","12":"first","13":"instock","14":"taxable","15":"shipping-taxable","16":"purchasable","17":"product-type-simple"},"aioseo_notices":[],"_links":{"self":[{"href":"https:\/\/mrpookydesign.com\/fr\/wp-json\/wp\/v2\/product\/1035","targetHints":{"allow":["GET"]}}],"collection":[{"href":"https:\/\/mrpookydesign.com\/fr\/wp-json\/wp\/v2\/product"}],"about":[{"href":"https:\/\/mrpookydesign.com\/fr\/wp-json\/wp\/v2\/types\/product"}],"replies":[{"embeddable":true,"href":"https:\/\/mrpookydesign.com\/fr\/wp-json\/wp\/v2\/comments?post=1035"}],"wp:featuredmedia":[{"embeddable":true,"href":"https:\/\/mrpookydesign.com\/fr\/wp-json\/wp\/v2\/media\/1106"}],"wp:attachment":[{"href":"https:\/\/mrpookydesign.com\/fr\/wp-json\/wp\/v2\/media?parent=1035"}],"wp:term":[{"taxonomy":"product_brand","embeddable":true,"href":"https:\/\/mrpookydesign.com\/fr\/wp-json\/wp\/v2\/product_brand?post=1035"},{"taxonomy":"product_cat","embeddable":true,"href":"https:\/\/mrpookydesign.com\/fr\/wp-json\/wp\/v2\/product_cat?post=1035"},{"taxonomy":"product_tag","embeddable":true,"href":"https:\/\/mrpookydesign.com\/fr\/wp-json\/wp\/v2\/product_tag?post=1035"}],"curies":[{"name":"wp","href":"https:\/\/api.w.org\/{rel}","templated":true}]}}