{"id":1034,"date":"2022-03-29T15:44:02","date_gmt":"2022-03-29T15:44:02","guid":{"rendered":"https:\/\/mrpookydesign.com\/?post_type=product&#038;p=1034"},"modified":"2024-10-09T14:10:51","modified_gmt":"2024-10-09T14:10:51","slug":"tampons-alcool-faux-ongles","status":"publish","type":"product","link":"https:\/\/mrpookydesign.com\/fr\/produit\/tampons-alcool-faux-ongles\/","title":{"rendered":"Tampons Alcool || Faux Ongles"},"content":{"rendered":"<p>Besoin de tampons d&#8217;alcool suppl\u00e9mentaires ?<\/p>\n<p>Deux tampons d&#8217;alcool sont inclus dans chaque commande, essentiels pour pr\u00e9parer vos ongles en \u00e9liminant les huiles et les r\u00e9sidus, garantissant ainsi une meilleure adh\u00e9rence des faux ongles.<\/p>\n<p>&nbsp;<\/p>\n<p>Regardez la vid\u00e9o<span data-text-color=\"secondary\"><strong> <a href=\"https:\/\/mrpookydesign.com\/fr\/faq\/\">Comment appliquer vos faux ongles<\/a> <\/strong><\/span>ici.<\/p>\n","protected":false},"excerpt":{"rendered":"<p>Ces tampons d&#8217;alcool sont essentiels pour pr\u00e9parer vos ongles en \u00e9liminant les huiles et les r\u00e9sidus, garantissant ainsi une meilleure adh\u00e9rence des faux ongles.<\/p>\n","protected":false},"featured_media":1092,"comment_status":"open","ping_status":"closed","template":"","meta":[],"product_brand":[],"product_cat":[59,90,50],"product_tag":[228],"class_list":{"0":"post-1034","1":"product","2":"type-product","3":"status-publish","4":"has-post-thumbnail","6":"product_cat-essentiels-extra","7":"product_cat-extras-les-essentiels","8":"product_cat-faux-ongles-pret-a-porter","9":"product_tag-application-faux-ongles","11":"first","12":"instock","13":"taxable","14":"shipping-taxable","15":"purchasable","16":"product-type-simple"},"aioseo_notices":[],"_links":{"self":[{"href":"https:\/\/mrpookydesign.com\/fr\/wp-json\/wp\/v2\/product\/1034","targetHints":{"allow":["GET"]}}],"collection":[{"href":"https:\/\/mrpookydesign.com\/fr\/wp-json\/wp\/v2\/product"}],"about":[{"href":"https:\/\/mrpookydesign.com\/fr\/wp-json\/wp\/v2\/types\/product"}],"replies":[{"embeddable":true,"href":"https:\/\/mrpookydesign.com\/fr\/wp-json\/wp\/v2\/comments?post=1034"}],"wp:featuredmedia":[{"embeddable":true,"href":"https:\/\/mrpookydesign.com\/fr\/wp-json\/wp\/v2\/media\/1092"}],"wp:attachment":[{"href":"https:\/\/mrpookydesign.com\/fr\/wp-json\/wp\/v2\/media?parent=1034"}],"wp:term":[{"taxonomy":"product_brand","embeddable":true,"href":"https:\/\/mrpookydesign.com\/fr\/wp-json\/wp\/v2\/product_brand?post=1034"},{"taxonomy":"product_cat","embeddable":true,"href":"https:\/\/mrpookydesign.com\/fr\/wp-json\/wp\/v2\/product_cat?post=1034"},{"taxonomy":"product_tag","embeddable":true,"href":"https:\/\/mrpookydesign.com\/fr\/wp-json\/wp\/v2\/product_tag?post=1034"}],"curies":[{"name":"wp","href":"https:\/\/api.w.org\/{rel}","templated":true}]}}