{"id":1031,"date":"2022-03-29T15:41:33","date_gmt":"2022-03-29T15:41:33","guid":{"rendered":"https:\/\/mrpookydesign.com\/?post_type=product&#038;p=1031"},"modified":"2024-10-09T14:11:27","modified_gmt":"2024-10-09T14:11:27","slug":"colle-faux-ongles","status":"publish","type":"product","link":"https:\/\/mrpookydesign.com\/fr\/produit\/colle-faux-ongles\/","title":{"rendered":"Colle Professionnelle || Faux ongles"},"content":{"rendered":"<p>D\u00e9couvrez notre colle professionnelle, id\u00e9ale pour assurer une adh\u00e9rence longue dur\u00e9e de vos faux ongles.<\/p>\n<p>Formule de qualit\u00e9 salon pour une tenue impeccable.<\/p>\n<p>Format de 15 ml.<\/p>\n","protected":false},"excerpt":{"rendered":"<p>D\u00e9couvrez la colle professionnelle, id\u00e9ale pour assurer une adh\u00e9rence longue dur\u00e9e de vos faux ongles.<\/p>\n","protected":false},"featured_media":1094,"comment_status":"open","ping_status":"closed","template":"","meta":[],"product_brand":[],"product_cat":[59,90,50],"product_tag":[228],"class_list":{"0":"post-1031","1":"product","2":"type-product","3":"status-publish","4":"has-post-thumbnail","6":"product_cat-essentiels-extra","7":"product_cat-extras-les-essentiels","8":"product_cat-faux-ongles-pret-a-porter","9":"product_tag-application-faux-ongles","11":"first","12":"instock","13":"taxable","14":"shipping-taxable","15":"purchasable","16":"product-type-simple"},"aioseo_notices":[],"_links":{"self":[{"href":"https:\/\/mrpookydesign.com\/fr\/wp-json\/wp\/v2\/product\/1031","targetHints":{"allow":["GET"]}}],"collection":[{"href":"https:\/\/mrpookydesign.com\/fr\/wp-json\/wp\/v2\/product"}],"about":[{"href":"https:\/\/mrpookydesign.com\/fr\/wp-json\/wp\/v2\/types\/product"}],"replies":[{"embeddable":true,"href":"https:\/\/mrpookydesign.com\/fr\/wp-json\/wp\/v2\/comments?post=1031"}],"wp:featuredmedia":[{"embeddable":true,"href":"https:\/\/mrpookydesign.com\/fr\/wp-json\/wp\/v2\/media\/1094"}],"wp:attachment":[{"href":"https:\/\/mrpookydesign.com\/fr\/wp-json\/wp\/v2\/media?parent=1031"}],"wp:term":[{"taxonomy":"product_brand","embeddable":true,"href":"https:\/\/mrpookydesign.com\/fr\/wp-json\/wp\/v2\/product_brand?post=1031"},{"taxonomy":"product_cat","embeddable":true,"href":"https:\/\/mrpookydesign.com\/fr\/wp-json\/wp\/v2\/product_cat?post=1031"},{"taxonomy":"product_tag","embeddable":true,"href":"https:\/\/mrpookydesign.com\/fr\/wp-json\/wp\/v2\/product_tag?post=1031"}],"curies":[{"name":"wp","href":"https:\/\/api.w.org\/{rel}","templated":true}]}}