{"id":1030,"date":"2022-03-29T15:40:43","date_gmt":"2022-03-29T15:40:43","guid":{"rendered":"https:\/\/mrpookydesign.com\/?post_type=product&#038;p=1030"},"modified":"2024-10-09T14:20:34","modified_gmt":"2024-10-09T14:20:34","slug":"tube-colle-faux-ongles","status":"publish","type":"product","link":"https:\/\/mrpookydesign.com\/fr\/produit\/tube-colle-faux-ongles\/","title":{"rendered":"Tube de Colle || Faux Ongles"},"content":{"rendered":"<p>Petite tube de colle pour faux ongles, id\u00e9ale pour une adh\u00e9rence longue dur\u00e9e.<\/p>\n<p>Parfait pour fixer vos faux ongles en toute s\u00e9curit\u00e9 et profiter d&#8217;une tenue impeccable, m\u00eame en d\u00e9placement!<\/p>\n<p>Format de 3 ml.<\/p>\n<p>Regardez la vid\u00e9o<a href=\"https:\/\/mrpookydesign.com\/fr\/faq\/\"> <span data-text-color=\"primary\"><strong>Comment appliquer vos faux ongles<\/strong><\/span><\/a> ici.<\/p>\n","protected":false},"excerpt":{"rendered":"<p>Petite tube de colle, id\u00e9ale pour assurer une adh\u00e9rence longue dur\u00e9e de vos faux ongles en tout temps!<\/p>\n","protected":false},"featured_media":1116,"comment_status":"open","ping_status":"closed","template":"","meta":[],"product_brand":[],"product_cat":[59,90,50],"product_tag":[228],"class_list":{"0":"post-1030","1":"product","2":"type-product","3":"status-publish","4":"has-post-thumbnail","6":"product_cat-essentiels-extra","7":"product_cat-extras-les-essentiels","8":"product_cat-faux-ongles-pret-a-porter","9":"product_tag-application-faux-ongles","10":"product_shipping_class-cremes-huiles","12":"first","13":"instock","14":"taxable","15":"shipping-taxable","16":"purchasable","17":"product-type-simple"},"aioseo_notices":[],"_links":{"self":[{"href":"https:\/\/mrpookydesign.com\/fr\/wp-json\/wp\/v2\/product\/1030","targetHints":{"allow":["GET"]}}],"collection":[{"href":"https:\/\/mrpookydesign.com\/fr\/wp-json\/wp\/v2\/product"}],"about":[{"href":"https:\/\/mrpookydesign.com\/fr\/wp-json\/wp\/v2\/types\/product"}],"replies":[{"embeddable":true,"href":"https:\/\/mrpookydesign.com\/fr\/wp-json\/wp\/v2\/comments?post=1030"}],"wp:featuredmedia":[{"embeddable":true,"href":"https:\/\/mrpookydesign.com\/fr\/wp-json\/wp\/v2\/media\/1116"}],"wp:attachment":[{"href":"https:\/\/mrpookydesign.com\/fr\/wp-json\/wp\/v2\/media?parent=1030"}],"wp:term":[{"taxonomy":"product_brand","embeddable":true,"href":"https:\/\/mrpookydesign.com\/fr\/wp-json\/wp\/v2\/product_brand?post=1030"},{"taxonomy":"product_cat","embeddable":true,"href":"https:\/\/mrpookydesign.com\/fr\/wp-json\/wp\/v2\/product_cat?post=1030"},{"taxonomy":"product_tag","embeddable":true,"href":"https:\/\/mrpookydesign.com\/fr\/wp-json\/wp\/v2\/product_tag?post=1030"}],"curies":[{"name":"wp","href":"https:\/\/api.w.org\/{rel}","templated":true}]}}