{"id":1029,"date":"2022-03-29T15:39:05","date_gmt":"2022-03-29T15:39:05","guid":{"rendered":"https:\/\/mrpookydesign.com\/?post_type=product&#038;p=1029"},"modified":"2024-11-11T04:36:26","modified_gmt":"2024-11-11T04:36:26","slug":"collants-adhesifs-faux-ongles","status":"publish","type":"product","link":"https:\/\/mrpookydesign.com\/fr\/produit\/collants-adhesifs-faux-ongles\/","title":{"rendered":"Collants adh\u00e9sifs || Faux Ongles"},"content":{"rendered":"<p>Voici des feuilles de collants adh\u00e9sifs pour une application facile et rapide de vos faux ongles.<\/p>\n<p><em>Astuce : appliquez le collant adh\u00e9sif sur votre ongle, ajoutez une goutte de colle sur le collant, puis appuyez le faux ongle pendant quelques secondes pour une adh\u00e9rence renforc\u00e9e et une tenue longue dur\u00e9e.<\/em><\/p>\n<p>&nbsp;<\/p>\n<p>Regardez la vid\u00e9o<a href=\"https:\/\/mrpookydesign.com\/fr\/faq\/\"> <span data-text-color=\"primary\"><strong>Comment appliquer vos faux ongles<\/strong><\/span><\/a> ici.<\/p>\n","protected":false},"excerpt":{"rendered":"<p>Des feuilles de collants adh\u00e9sifs pour une application facile et rapide de vos faux ongles.<\/p>\n","protected":false},"featured_media":1114,"comment_status":"open","ping_status":"closed","template":"","meta":[],"product_brand":[],"product_cat":[59,90,50],"product_tag":[228],"class_list":{"0":"post-1029","1":"product","2":"type-product","3":"status-publish","4":"has-post-thumbnail","6":"product_cat-essentiels-extra","7":"product_cat-extras-les-essentiels","8":"product_cat-faux-ongles-pret-a-porter","9":"product_tag-application-faux-ongles","11":"first","12":"instock","13":"taxable","14":"shipping-taxable","15":"purchasable","16":"product-type-simple"},"aioseo_notices":[],"_links":{"self":[{"href":"https:\/\/mrpookydesign.com\/fr\/wp-json\/wp\/v2\/product\/1029","targetHints":{"allow":["GET"]}}],"collection":[{"href":"https:\/\/mrpookydesign.com\/fr\/wp-json\/wp\/v2\/product"}],"about":[{"href":"https:\/\/mrpookydesign.com\/fr\/wp-json\/wp\/v2\/types\/product"}],"replies":[{"embeddable":true,"href":"https:\/\/mrpookydesign.com\/fr\/wp-json\/wp\/v2\/comments?post=1029"}],"wp:featuredmedia":[{"embeddable":true,"href":"https:\/\/mrpookydesign.com\/fr\/wp-json\/wp\/v2\/media\/1114"}],"wp:attachment":[{"href":"https:\/\/mrpookydesign.com\/fr\/wp-json\/wp\/v2\/media?parent=1029"}],"wp:term":[{"taxonomy":"product_brand","embeddable":true,"href":"https:\/\/mrpookydesign.com\/fr\/wp-json\/wp\/v2\/product_brand?post=1029"},{"taxonomy":"product_cat","embeddable":true,"href":"https:\/\/mrpookydesign.com\/fr\/wp-json\/wp\/v2\/product_cat?post=1029"},{"taxonomy":"product_tag","embeddable":true,"href":"https:\/\/mrpookydesign.com\/fr\/wp-json\/wp\/v2\/product_tag?post=1029"}],"curies":[{"name":"wp","href":"https:\/\/api.w.org\/{rel}","templated":true}]}}