{"id":1028,"date":"2022-03-29T15:38:23","date_gmt":"2022-03-29T15:38:23","guid":{"rendered":"https:\/\/mrpookydesign.com\/?post_type=product&#038;p=1028"},"modified":"2024-10-09T14:13:18","modified_gmt":"2024-10-09T14:13:18","slug":"mini-buffer-faux-ongles","status":"publish","type":"product","link":"https:\/\/mrpookydesign.com\/fr\/produit\/mini-buffer-faux-ongles\/","title":{"rendered":"Mini buffer || Faux Ongles"},"content":{"rendered":"<p>Besoin d&#8217;un mini buffer suppl\u00e9mentaire ?<\/p>\n<p>Ce buffer est essentiel pour pr\u00e9parer vos ongles avant l&#8217;application des faux ongles Pooky Design, assurant une meilleure adh\u00e9rence.<\/p>\n<p>&nbsp;<\/p>\n<p>Regarder la vid\u00e9o <a href=\"https:\/\/mrpookydesign.com\/fr\/faq\/\"><span data-text-color=\"primary\"><strong>Comment appliquer vos faux ongles<\/strong><\/span><\/a> ici.<\/p>\n","protected":false},"excerpt":{"rendered":"<p>Le mini buffer indispensable pour pr\u00e9parer vos ongles et am\u00e9liorer l&#8217;adh\u00e9rence des faux ongles!<\/p>\n<p>&nbsp;<\/p>\n","protected":false},"featured_media":1104,"comment_status":"open","ping_status":"closed","template":"","meta":[],"product_brand":[],"product_cat":[59,90,50],"product_tag":[228],"class_list":{"0":"post-1028","1":"product","2":"type-product","3":"status-publish","4":"has-post-thumbnail","6":"product_cat-essentiels-extra","7":"product_cat-extras-les-essentiels","8":"product_cat-faux-ongles-pret-a-porter","9":"product_tag-application-faux-ongles","10":"product_shipping_class-cremes-huiles","12":"first","13":"instock","14":"taxable","15":"shipping-taxable","16":"purchasable","17":"product-type-simple"},"aioseo_notices":[],"_links":{"self":[{"href":"https:\/\/mrpookydesign.com\/fr\/wp-json\/wp\/v2\/product\/1028","targetHints":{"allow":["GET"]}}],"collection":[{"href":"https:\/\/mrpookydesign.com\/fr\/wp-json\/wp\/v2\/product"}],"about":[{"href":"https:\/\/mrpookydesign.com\/fr\/wp-json\/wp\/v2\/types\/product"}],"replies":[{"embeddable":true,"href":"https:\/\/mrpookydesign.com\/fr\/wp-json\/wp\/v2\/comments?post=1028"}],"wp:featuredmedia":[{"embeddable":true,"href":"https:\/\/mrpookydesign.com\/fr\/wp-json\/wp\/v2\/media\/1104"}],"wp:attachment":[{"href":"https:\/\/mrpookydesign.com\/fr\/wp-json\/wp\/v2\/media?parent=1028"}],"wp:term":[{"taxonomy":"product_brand","embeddable":true,"href":"https:\/\/mrpookydesign.com\/fr\/wp-json\/wp\/v2\/product_brand?post=1028"},{"taxonomy":"product_cat","embeddable":true,"href":"https:\/\/mrpookydesign.com\/fr\/wp-json\/wp\/v2\/product_cat?post=1028"},{"taxonomy":"product_tag","embeddable":true,"href":"https:\/\/mrpookydesign.com\/fr\/wp-json\/wp\/v2\/product_tag?post=1028"}],"curies":[{"name":"wp","href":"https:\/\/api.w.org\/{rel}","templated":true}]}}