{"id":3918,"date":"2024-10-02T19:39:22","date_gmt":"2024-10-02T19:39:22","guid":{"rendered":"https:\/\/mrpookydesign.com\/?page_id=3918"},"modified":"2024-10-02T19:43:15","modified_gmt":"2024-10-02T19:43:15","slug":"auto-draft","status":"publish","type":"page","link":"https:\/\/mrpookydesign.com\/fr\/auto-draft\/","title":{"rendered":"\u00c0 propos"},"content":{"rendered":"\n<div class=\"container section-title-container\" ><h2 class=\"section-title section-title-center\"><b aria-hidden=\"true\"><\/b><span class=\"section-title-main\" style=\"color:rgb(70, 26, 62);\">\u00e0 propos<\/span><b aria-hidden=\"true\"><\/b><\/h2><\/div>\n\n\t<div id=\"text-2869753692\" class=\"text\">\n\t\t\n\n<h3 style=\"text-align: center;\"><strong>Bienvenue chez Mr Pooky Design, l\u00e0 o\u00f9 chaque id\u00e9e devient une cr\u00e9ation unique!<\/strong><\/h3>\n<p>Ce que j&#8217;aime le plus, c&#8217;est imaginer et cr\u00e9er. Chaque projet, qu&#8217;il s&#8217;agisse de mail art ou d&#8217;illustrations, commence par une id\u00e9e qui se transforme en une \u0153uvre vivante.<\/p>\n<p>Tout a commenc\u00e9 en juin 2013, dans mon petit deux et demi, avec mon lapin \u00e0 mes c\u00f4t\u00e9s, quand j&#8217;ai fond\u00e9 Mr Pooky Design. Je me suis aventur\u00e9e dans le monde du nail art presque par hasard, mais tr\u00e8s vite, j&#8217;ai r\u00e9alis\u00e9 \u00e0 quel point ce domaine regorgeait de possibilit\u00e9s cr\u00e9atives. Apr\u00e8s plus de 10 ans \u00e0 embellir les ongles de mes clientes, j&#8217;ai ressenti le besoin de revenir \u00e0 mes premi\u00e8res amours : le dessin.<\/p>\n<p>Aujourd&#8217;hui, je combine ces deux passions pour explorer de nouvelles fa\u00e7ons d&#8217;expression artistique. Les faux ongles m&#8217;offrent une toile miniature o\u00f9 mon imagination peut s&#8217;exprimer sans limite. Mon objectif est simple : capturer votre personnalit\u00e9 et la refl\u00e9ter dans chacune de mes cr\u00e9ations. Chaque ongle et chaque illustration raconte une histoire unique, et ce que j&#8217;aime le plus, c&#8217;est de pouvoir transformer vos id\u00e9es en quelque chose de beau et profond\u00e9ment personnel. Je m&#8217;inspire de tout ce qui m&#8217;entoure, des tendances actuelles aux petites choses du quotidien, pour cr\u00e9er des \u0153uvres qui vous ressemblent vraiment.<\/p>\n<p>Mon site refl\u00e8te ces deux univers :\u2028D&#8217;un c\u00f4t\u00e9, vous trouverez des faux ongles pr\u00eats \u00e0 poser, faits main avec soin, pour vous offrir une manucure aussi unique qu&#8217;artistique.\u2028De l&#8217;autre, vous d\u00e9couvrirez mes illustrations et des produits d\u00e9riv\u00e9s, toujours inspir\u00e9s par mon univers cr\u00e9atif.<\/p>\n<p>Mon but est simple : partager avec vous ma passion, que ce soit \u00e0 travers mes faux ongles ou mes illustrations.<\/p>\n<p>Chaque cr\u00e9ation est une aventure, et j&#8217;ai h\u00e2te de voir o\u00f9 la prochaine me m\u00e8nera!<\/p>\n<p>\u00a0<\/p>\n<p><span style=\"font-size: 90%;\"><em>Voici le r\u00e9el Mr. Pooky, un lapin b\u00e9lier qui a v\u00e9cu 12 belles ann\u00e9es mes c\u00f4t\u00e9s. <\/em>\u2764\ufe0f<\/span><\/p>\n\t\t\n<style>\n#text-2869753692 {\n  color: rgb(70, 26, 62);\n}\n#text-2869753692 > * {\n  color: rgb(70, 26, 62);\n}\n<\/style>\n\t<\/div>\n\t\n\t<div class=\"img has-hover x md-x lg-x y md-y lg-y\" id=\"image_142577904\">\n\t\t\t\t\t\t\t\t<div class=\"img-inner dark\" >\n\t\t\t<img decoding=\"async\" width=\"768\" height=\"432\" src=\"https:\/\/mrpookydesign.com\/wp-content\/uploads\/2024\/01\/Photo_Pooky-768x432.jpg\" class=\"attachment-medium_large size-medium_large\" alt=\"\" srcset=\"https:\/\/mrpookydesign.com\/wp-content\/uploads\/2024\/01\/Photo_Pooky-768x432.jpg 768w, https:\/\/mrpookydesign.com\/wp-content\/uploads\/2024\/01\/Photo_Pooky-300x169.jpg 300w, https:\/\/mrpookydesign.com\/wp-content\/uploads\/2024\/01\/Photo_Pooky-1024x576.jpg 1024w, https:\/\/mrpookydesign.com\/wp-content\/uploads\/2024\/01\/Photo_Pooky-1536x864.jpg 1536w, https:\/\/mrpookydesign.com\/wp-content\/uploads\/2024\/01\/Photo_Pooky-2048x1152.jpg 2048w, https:\/\/mrpookydesign.com\/wp-content\/uploads\/2024\/01\/Photo_Pooky-600x338.jpg 600w\" sizes=\"(max-width: 768px) 100vw, 768px\" \/>\t\t\t\t\t\t\n\t\t\t\t\t<\/div>\n\t\t\t\t\t\t\t\t\n<style>\n#image_142577904 {\n  width: 100%;\n}\n<\/style>\n\t<\/div>\n\t\n\n\n","protected":false},"excerpt":{"rendered":"","protected":false},"author":3,"featured_media":0,"parent":0,"menu_order":0,"comment_status":"closed","ping_status":"closed","template":"","meta":{"footnotes":""},"class_list":["post-3918","page","type-page","status-publish","hentry"],"aioseo_notices":[],"_links":{"self":[{"href":"https:\/\/mrpookydesign.com\/fr\/wp-json\/wp\/v2\/pages\/3918","targetHints":{"allow":["GET"]}}],"collection":[{"href":"https:\/\/mrpookydesign.com\/fr\/wp-json\/wp\/v2\/pages"}],"about":[{"href":"https:\/\/mrpookydesign.com\/fr\/wp-json\/wp\/v2\/types\/page"}],"author":[{"embeddable":true,"href":"https:\/\/mrpookydesign.com\/fr\/wp-json\/wp\/v2\/users\/3"}],"replies":[{"embeddable":true,"href":"https:\/\/mrpookydesign.com\/fr\/wp-json\/wp\/v2\/comments?post=3918"}],"version-history":[{"count":6,"href":"https:\/\/mrpookydesign.com\/fr\/wp-json\/wp\/v2\/pages\/3918\/revisions"}],"predecessor-version":[{"id":3926,"href":"https:\/\/mrpookydesign.com\/fr\/wp-json\/wp\/v2\/pages\/3918\/revisions\/3926"}],"wp:attachment":[{"href":"https:\/\/mrpookydesign.com\/fr\/wp-json\/wp\/v2\/media?parent=3918"}],"curies":[{"name":"wp","href":"https:\/\/api.w.org\/{rel}","templated":true}]}}