{"id":35,"date":"2020-04-23T14:45:48","date_gmt":"2020-04-23T14:45:48","guid":{"rendered":"https:\/\/mrpookydesign.com\/?page_id=35"},"modified":"2024-01-10T14:53:43","modified_gmt":"2024-01-10T14:53:43","slug":"conditions-generales-de-vente","status":"publish","type":"page","link":"https:\/\/mrpookydesign.com\/fr\/conditions-generales-de-vente\/","title":{"rendered":"Conditions g\u00e9n\u00e9rales de vente"},"content":{"rendered":"\n<div class=\"container section-title-container\" ><h2 class=\"section-title section-title-normal\"><b aria-hidden=\"true\"><\/b><span class=\"section-title-main\" style=\"color:rgb(70, 26, 62);\">Conditions g\u00e9n\u00e9rales de vente<\/span><b aria-hidden=\"true\"><\/b><\/h2><\/div>\n\n\t<div id=\"text-1615727306\" class=\"text\">\n\t\t\n\n<h3><strong>Disponibilit\u00e9 des articles<\/strong><\/h3>\n<p style=\"text-align: left;\">Toutes les commandes en ligne sont pr\u00e9par\u00e9es \u00e0 la main. Les ensembles de faux ongles \u00ab\u00a0pr\u00eat-\u00e0-partir \u00bb sont normalement exp\u00e9di\u00e9s en 48 \u00e0 72 heures.<\/p>\n<p style=\"text-align: left;\">Cependant je ne peux pas garantir les d\u00e9lais de livraison consid\u00e9rant les fins de semaine et jours f\u00e9ri\u00e9s durant lesquels les services de Postes Canada ne sont pas effectifs ou durant les p\u00e9riodes plus achaland\u00e9es par exemple le temps des f\u00eates.<\/p>\n<h3><strong>Commandes<\/strong><\/h3>\n<p>Vous pouvez passer vos commandes : sur Internet : (www.mrpookydesign.com).<\/p>\n<h3><strong>Prix<\/strong><\/h3>\n<p>Tous les prix affich\u00e9s sur le site de la boutique Mr Pooky Design sont en dollars canadiens avant taxes et les frais de port seront indiqu\u00e9s dans votre panier en tout temps.<\/p>\n<p>Le montant de l\u2019achat est payable en totalit\u00e9 et en un seul versement au moment de la commande.<\/p>\n<p>Les frais de livraison seront automatiquement calcul\u00e9s pour le Canada, pour toute livraison \u00e0 l\u2019ext\u00e9rieur du Canada, veuillez me contacter par courriel au info@mrpookydesign.com<\/p>\n<p>Les \u00e9ventuels frais de douanes et les taxes locales restent \u00e0 la charge du destinataire.<\/p>\n<h3><strong>Paiement<\/strong><\/h3>\n<p>Les commandes pass\u00e9es sur le site de la boutique Mr Pooky Design, doivent \u00eatre r\u00e9gl\u00e9es par carte de cr\u00e9dit ou bancaire. Nous acceptons les cartes VISA et MASTERCARD ainsi que le paiement par carte bancaire (d\u00e9bit). \u2028Les certificats cadeaux de Mr Pooky Design seulement sont accept\u00e9s.<\/p>\n<h3><strong>Frais de livraison<\/strong><\/h3>\n<p>Les frais de livraison couvrent les frais de pr\u00e9paration et d\u2019emballage, plus l\u2019affranchissement.<\/p>\n<h3><strong>D\u00e9lai de livraison<\/strong><\/h3>\n<p>Un d\u00e9lai de 2 \u00e0 3 jour ouvrable doit \u00eatre allou\u00e9 au traitement des commandes pour les produits \u00ab pr\u00eat-\u00e0-partir \u00bb ou \u00ab les essentiels \u00bb \u00e0 la boutique.<\/p>\n<p>Toutes autres commandes demandent un d\u00e9lai de cr\u00e9ation qui varient entre 1 \u00e0 4 semaines. Ne pas oublier qu\u2019il faut ajouter 1 \u00e0 3 jours ouvrables en moyenne pour une livraison au Qu\u00e9bec et 1 \u00e0 5 jours ouvrables pour l\u2019Ontario.<\/p>\n<p>La boutique ne pourra en aucun cas \u00eatre tenue responsable d\u2019un retard de livraison r\u00e9sultant d\u2019une rupture de stock chez le distributeur ou attribuable au transporteur (Postes Canada).<\/p>\n<p>Mr Pooky Design ne pourra en aucun cas \u00eatre tenue responsable d\u2019un retard de livraison pour le temps des f\u00eates \u00e0 partir du 15 d\u00e9cembre de chaque ann\u00e9e.<\/p>\n<h3><strong>Retour de marchandise \/ Remboursement<\/strong><\/h3>\n<p>En raison de la nature de mon travail, il n\u2019y a aucun \u00e9change ou remboursement pour les ensembles de faux ongles.<\/p>\n<p>L\u2019identification de la grandeur de vos ongles est VOTRE responsabilit\u00e9.<\/p>\n<p>Si toutefois vous n\u2019\u00eates pas s\u00fbr du choix des grandeurs, il y a plusieurs options\u00a0: soit commander une trousse d\u2019essai pour identifier la grandeur des faux ongles dont vous avez de besoin, mesurer avec pr\u00e9cision avec le guide de \u00ab\u00a0comment mesurer les grandeurs des ongles\u00a0\u00bb ou bien vous pouvez commander un ensemble complet de 20 faux ongles dont toutes les grandeurs sont incluses.<\/p>\n<p>Si votre colis est endommag\u00e9 durant le transport, prenez une photo du colis et envoyez-moi un courriel \u00e0 <a href=\"mailto:info@mrpookydesign.com\">info@mrpookydesign.com<\/a>\u00a0 et nous allons proc\u00e9der \u00e0 une solution.<\/p>\n<h3><strong>Annulation de commande<\/strong><\/h3>\n<p>Mr Pooky Design accepte les annulations dans un d\u00e9lai de 12hr suivant la commande cependant un 3% de la commande sera factur\u00e9 pour les frais encourus de remboursement via PayPal.<\/p>\n\t\t\n<style>\n#text-1615727306 {\n  text-align: left;\n  color: rgb(70, 26, 62);\n}\n#text-1615727306 > * {\n  color: rgb(70, 26, 62);\n}\n<\/style>\n\t<\/div>\n\t\n\n","protected":false},"excerpt":{"rendered":"","protected":false},"author":2,"featured_media":0,"parent":0,"menu_order":0,"comment_status":"closed","ping_status":"closed","template":"","meta":{"footnotes":""},"class_list":["post-35","page","type-page","status-publish","hentry"],"aioseo_notices":[],"_links":{"self":[{"href":"https:\/\/mrpookydesign.com\/fr\/wp-json\/wp\/v2\/pages\/35","targetHints":{"allow":["GET"]}}],"collection":[{"href":"https:\/\/mrpookydesign.com\/fr\/wp-json\/wp\/v2\/pages"}],"about":[{"href":"https:\/\/mrpookydesign.com\/fr\/wp-json\/wp\/v2\/types\/page"}],"author":[{"embeddable":true,"href":"https:\/\/mrpookydesign.com\/fr\/wp-json\/wp\/v2\/users\/2"}],"replies":[{"embeddable":true,"href":"https:\/\/mrpookydesign.com\/fr\/wp-json\/wp\/v2\/comments?post=35"}],"version-history":[{"count":8,"href":"https:\/\/mrpookydesign.com\/fr\/wp-json\/wp\/v2\/pages\/35\/revisions"}],"predecessor-version":[{"id":3634,"href":"https:\/\/mrpookydesign.com\/fr\/wp-json\/wp\/v2\/pages\/35\/revisions\/3634"}],"wp:attachment":[{"href":"https:\/\/mrpookydesign.com\/fr\/wp-json\/wp\/v2\/media?parent=35"}],"curies":[{"name":"wp","href":"https:\/\/api.w.org\/{rel}","templated":true}]}}