{"id":3412,"date":"2024-01-05T02:40:09","date_gmt":"2024-01-05T02:40:09","guid":{"rendered":"https:\/\/mrpookydesign.com\/?page_id=3412"},"modified":"2024-01-31T00:49:50","modified_gmt":"2024-01-31T00:49:50","slug":"grandeurs-et-formes","status":"publish","type":"page","link":"https:\/\/mrpookydesign.com\/fr\/grandeurs-et-formes\/","title":{"rendered":"Grandeurs &#038; Formes"},"content":{"rendered":"\n<div class=\"container section-title-container\" ><h2 class=\"section-title section-title-center\"><b aria-hidden=\"true\"><\/b><span class=\"section-title-main\" style=\"color:rgb(70, 26, 62);\">Formes &amp; grandeurs<\/span><b aria-hidden=\"true\"><\/b><\/h2><\/div>\n\n\t<div id=\"text-3222826131\" class=\"text\">\n\t\t\n\n<p style=\"text-align: center;\"><span data-text-color=\"alert\"><strong><em>**Assurez-vous de bien mesurer vos ongles avant de passer une commande!**<\/em><\/strong><\/span><\/p>\n<h3><br \/><strong>Comment mesurer vos ongles<br \/><\/strong><\/h3>\n<p><strong>Avec un ruban \u00e0 mesurer<\/strong> &#8211; \u00c0 l\u2019aide d\u2019un ruban \u00e0 mesurer flexible, trouvez la partie la plus large de votre ongle et mesurez.<br \/>Ensuite r\u00e9f\u00e9rez-vous \u00e0 la charte pour trouver les mesures correspondantes.<\/p>\n<p><strong>Avec du ruban adh\u00e9sif<\/strong> &#8211; Placez un morceau de ruban adh\u00e9sif sur votre ongle et marquez \u00e0 l\u2019aide d\u2019un crayon la partie la plus large de votre ongle. Ensuite d\u00e9posez le ruban sur une r\u00e8gle et r\u00e9f\u00e9rez-vous \u00e0 la charte pour trouver les mesures correspondantes.<\/p>\n<p><strong>*Il est fortement recommander de commander une <a href=\"https:\/\/mrpookydesign.com\/categorie-produit\/faux-ongles-pret-a-porter\/trousse-dessai\/\">trousse d&#8217;essai<\/a>.<\/strong><\/p>\n\t\t\n<style>\n#text-3222826131 {\n  color: rgb(70, 26, 62);\n}\n#text-3222826131 > * {\n  color: rgb(70, 26, 62);\n}\n<\/style>\n\t<\/div>\n\t\n<div class=\"slider-wrapper relative\" id=\"slider-1452254187\" >\n    <div class=\"slider slider-nav-circle slider-nav-large slider-nav-dark slider-nav-outside slider-style-normal slider-show-nav\"\n        data-flickity-options='{\n            \"cellAlign\": \"center\",\n            \"imagesLoaded\": true,\n            \"lazyLoad\": 1,\n            \"freeScroll\": false,\n            \"wrapAround\": true,\n            \"autoPlay\": 6000,\n            \"pauseAutoPlayOnHover\" : true,\n            \"prevNextButtons\": true,\n            \"contain\" : true,\n            \"adaptiveHeight\" : true,\n            \"dragThreshold\" : 10,\n            \"percentPosition\": true,\n            \"pageDots\": true,\n            \"rightToLeft\": false,\n            \"draggable\": true,\n            \"selectedAttraction\": 0.1,\n            \"parallax\" : 0,\n            \"friction\": 0.6        }'\n        >\n        \n\n\t<div class=\"img has-hover x md-x lg-x y md-y lg-y\" id=\"image_304967211\">\n\t\t\t\t\t\t\t\t<div class=\"img-inner dark\" >\n\t\t\t<img decoding=\"async\" width=\"1020\" height=\"1020\" src=\"https:\/\/mrpookydesign.com\/wp-content\/uploads\/2024\/01\/Round-3-1024x1024.jpg\" class=\"attachment-large size-large\" alt=\"\" srcset=\"https:\/\/mrpookydesign.com\/wp-content\/uploads\/2024\/01\/Round-3-1024x1024.jpg 1024w, https:\/\/mrpookydesign.com\/wp-content\/uploads\/2024\/01\/Round-3-300x300.jpg 300w, https:\/\/mrpookydesign.com\/wp-content\/uploads\/2024\/01\/Round-3-150x150.jpg 150w, https:\/\/mrpookydesign.com\/wp-content\/uploads\/2024\/01\/Round-3-768x768.jpg 768w, https:\/\/mrpookydesign.com\/wp-content\/uploads\/2024\/01\/Round-3-1536x1536.jpg 1536w, https:\/\/mrpookydesign.com\/wp-content\/uploads\/2024\/01\/Round-3-600x600.jpg 600w, https:\/\/mrpookydesign.com\/wp-content\/uploads\/2024\/01\/Round-3-100x100.jpg 100w, https:\/\/mrpookydesign.com\/wp-content\/uploads\/2024\/01\/Round-3.jpg 2000w\" sizes=\"(max-width: 1020px) 100vw, 1020px\" \/>\t\t\t\t\t\t\n\t\t\t\t\t<\/div>\n\t\t\t\t\t\t\t\t\n<style>\n#image_304967211 {\n  width: 100%;\n}\n<\/style>\n\t<\/div>\n\t\n\n\t<div class=\"img has-hover x md-x lg-x y md-y lg-y\" id=\"image_976379389\">\n\t\t\t\t\t\t\t\t<div class=\"img-inner dark\" >\n\t\t\t<img decoding=\"async\" width=\"1020\" height=\"1020\" src=\"https:\/\/mrpookydesign.com\/wp-content\/uploads\/2024\/01\/Stiletto-3-1024x1024.jpg\" class=\"attachment-large size-large\" alt=\"\" srcset=\"https:\/\/mrpookydesign.com\/wp-content\/uploads\/2024\/01\/Stiletto-3-1024x1024.jpg 1024w, https:\/\/mrpookydesign.com\/wp-content\/uploads\/2024\/01\/Stiletto-3-300x300.jpg 300w, https:\/\/mrpookydesign.com\/wp-content\/uploads\/2024\/01\/Stiletto-3-150x150.jpg 150w, https:\/\/mrpookydesign.com\/wp-content\/uploads\/2024\/01\/Stiletto-3-768x768.jpg 768w, https:\/\/mrpookydesign.com\/wp-content\/uploads\/2024\/01\/Stiletto-3-1536x1536.jpg 1536w, https:\/\/mrpookydesign.com\/wp-content\/uploads\/2024\/01\/Stiletto-3-600x600.jpg 600w, https:\/\/mrpookydesign.com\/wp-content\/uploads\/2024\/01\/Stiletto-3-100x100.jpg 100w, https:\/\/mrpookydesign.com\/wp-content\/uploads\/2024\/01\/Stiletto-3.jpg 2000w\" sizes=\"(max-width: 1020px) 100vw, 1020px\" \/>\t\t\t\t\t\t\n\t\t\t\t\t<\/div>\n\t\t\t\t\t\t\t\t\n<style>\n#image_976379389 {\n  width: 100%;\n}\n<\/style>\n\t<\/div>\n\t\n\n\t<div class=\"img has-hover x md-x lg-x y md-y lg-y\" id=\"image_14559782\">\n\t\t\t\t\t\t\t\t<div class=\"img-inner dark\" >\n\t\t\t<img decoding=\"async\" width=\"1020\" height=\"1020\" src=\"https:\/\/mrpookydesign.com\/wp-content\/uploads\/2024\/01\/Coffin-3-1024x1024.jpg\" class=\"attachment-large size-large\" alt=\"\" srcset=\"https:\/\/mrpookydesign.com\/wp-content\/uploads\/2024\/01\/Coffin-3-1024x1024.jpg 1024w, https:\/\/mrpookydesign.com\/wp-content\/uploads\/2024\/01\/Coffin-3-300x300.jpg 300w, https:\/\/mrpookydesign.com\/wp-content\/uploads\/2024\/01\/Coffin-3-150x150.jpg 150w, https:\/\/mrpookydesign.com\/wp-content\/uploads\/2024\/01\/Coffin-3-768x768.jpg 768w, https:\/\/mrpookydesign.com\/wp-content\/uploads\/2024\/01\/Coffin-3-1536x1536.jpg 1536w, https:\/\/mrpookydesign.com\/wp-content\/uploads\/2024\/01\/Coffin-3-600x600.jpg 600w, https:\/\/mrpookydesign.com\/wp-content\/uploads\/2024\/01\/Coffin-3-100x100.jpg 100w, https:\/\/mrpookydesign.com\/wp-content\/uploads\/2024\/01\/Coffin-3.jpg 2000w\" sizes=\"(max-width: 1020px) 100vw, 1020px\" \/>\t\t\t\t\t\t\n\t\t\t\t\t<\/div>\n\t\t\t\t\t\t\t\t\n<style>\n#image_14559782 {\n  width: 100%;\n}\n<\/style>\n\t<\/div>\n\t\n\n\t<div class=\"img has-hover x md-x lg-x y md-y lg-y\" id=\"image_1476677267\">\n\t\t\t\t\t\t\t\t<div class=\"img-inner dark\" >\n\t\t\t<img decoding=\"async\" width=\"1020\" height=\"1020\" src=\"https:\/\/mrpookydesign.com\/wp-content\/uploads\/2024\/01\/Square-3-1024x1024.jpg\" class=\"attachment-large size-large\" alt=\"\" srcset=\"https:\/\/mrpookydesign.com\/wp-content\/uploads\/2024\/01\/Square-3-1024x1024.jpg 1024w, https:\/\/mrpookydesign.com\/wp-content\/uploads\/2024\/01\/Square-3-300x300.jpg 300w, https:\/\/mrpookydesign.com\/wp-content\/uploads\/2024\/01\/Square-3-150x150.jpg 150w, https:\/\/mrpookydesign.com\/wp-content\/uploads\/2024\/01\/Square-3-768x768.jpg 768w, https:\/\/mrpookydesign.com\/wp-content\/uploads\/2024\/01\/Square-3-1536x1536.jpg 1536w, https:\/\/mrpookydesign.com\/wp-content\/uploads\/2024\/01\/Square-3-600x600.jpg 600w, https:\/\/mrpookydesign.com\/wp-content\/uploads\/2024\/01\/Square-3-100x100.jpg 100w, https:\/\/mrpookydesign.com\/wp-content\/uploads\/2024\/01\/Square-3.jpg 2000w\" sizes=\"(max-width: 1020px) 100vw, 1020px\" \/>\t\t\t\t\t\t\n\t\t\t\t\t<\/div>\n\t\t\t\t\t\t\t\t\n<style>\n#image_1476677267 {\n  width: 100%;\n}\n<\/style>\n\t<\/div>\n\t\n\n\n     <\/div>\n\n     <div class=\"loading-spin dark large centered\"><\/div>\n\n\t<\/div>\n\n\n\n","protected":false},"excerpt":{"rendered":"","protected":false},"author":3,"featured_media":0,"parent":0,"menu_order":0,"comment_status":"closed","ping_status":"closed","template":"","meta":{"footnotes":""},"class_list":["post-3412","page","type-page","status-publish","hentry"],"aioseo_notices":[],"_links":{"self":[{"href":"https:\/\/mrpookydesign.com\/fr\/wp-json\/wp\/v2\/pages\/3412","targetHints":{"allow":["GET"]}}],"collection":[{"href":"https:\/\/mrpookydesign.com\/fr\/wp-json\/wp\/v2\/pages"}],"about":[{"href":"https:\/\/mrpookydesign.com\/fr\/wp-json\/wp\/v2\/types\/page"}],"author":[{"embeddable":true,"href":"https:\/\/mrpookydesign.com\/fr\/wp-json\/wp\/v2\/users\/3"}],"replies":[{"embeddable":true,"href":"https:\/\/mrpookydesign.com\/fr\/wp-json\/wp\/v2\/comments?post=3412"}],"version-history":[{"count":14,"href":"https:\/\/mrpookydesign.com\/fr\/wp-json\/wp\/v2\/pages\/3412\/revisions"}],"predecessor-version":[{"id":3790,"href":"https:\/\/mrpookydesign.com\/fr\/wp-json\/wp\/v2\/pages\/3412\/revisions\/3790"}],"wp:attachment":[{"href":"https:\/\/mrpookydesign.com\/fr\/wp-json\/wp\/v2\/media?parent=3412"}],"curies":[{"name":"wp","href":"https:\/\/api.w.org\/{rel}","templated":true}]}}