{"id":2453,"date":"2022-06-06T18:02:06","date_gmt":"2022-06-06T18:02:06","guid":{"rendered":"https:\/\/mrpookydesign.com\/?page_id=2453"},"modified":"2024-01-03T21:00:59","modified_gmt":"2024-01-03T21:00:59","slug":"politique-de-confidentialite","status":"publish","type":"page","link":"https:\/\/mrpookydesign.com\/fr\/politique-de-confidentialite\/","title":{"rendered":"Politique de confidentialit\u00e9"},"content":{"rendered":"\n<h2 class=\"wp-block-heading\">Qui sommes-nous&nbsp;?<\/h2>\n\n\n\n<p>L\u2019adresse de notre site est&nbsp;: https:\/\/mrpookydesign.com.<\/p>\n\n\n\n<h2 class=\"wp-block-heading\"><strong>Loi 25 et protection des renseignements personnels<\/strong><\/h2>\n\n\n\n<p>Soyez assur\u00e9s que la protection des renseignements personnels est une priorit\u00e9 au sein de notre organisation. Dans cette optique, nous vous confirmons que Mr Pooky Design est conforme \u00e0 la loi 25.<\/p>\n\n\n\n<p>Il est important d\u2019assurer la protection de la vie priv\u00e9e et des renseignements personnels de nos clients, de nos partenaires, ainsi que les employ\u00e9s. Si vous avez des questions ou demandes relatives au respect de votre vie priv\u00e9e et de vos renseignements personnels au sein de notre organisation, vous pouvez communiquer avec Mr Pooky Design, M\u00e9lissa Monderie la cheffe d\u2019entreprise, \u00e0 l\u2019adresse <a href=\"mailto:info@mrpookydesign.com\">info@mrpookydesign.com<\/a>.<\/p>\n\n\n\n<p>Nous ne recueillons pas de renseignements personnels \u00e0 votre sujet lors de votre navigation sur notre site Internet, \u00e0 moins que vous ne fournissiez volontairement ces renseignements en vous inscrivant explicitement \u00e0 un service pr\u00e9cis qui vous invite \u00e0 le faire. Vous aurez toujours le choix de d\u00e9cliner cette demande ou de cesser un abonnement \u00e0 un service de personnalisation que vous auriez pr\u00e9alablement choisi.<\/p>\n\n\n\n<p>Si vous d\u00e9cidez de fournir des renseignements personnels, il s\u2019agit de la manifestation de votre consentement \u00e0 la collecte et \u00e0 l\u2019utilisation de ces renseignements dans ce but pr\u00e9cis.<\/p>\n\n\n\n<p><strong>Usage des renseignements personnels<\/strong><\/p>\n\n\n\n<p>Nous utilisons les renseignements personnels que vous avez fournis aux fins exclusives pour lesquelles ils ont \u00e9t\u00e9 fournis.<\/p>\n\n\n\n<p><strong>Protection des renseignements personnels<\/strong><\/p>\n\n\n\n<p>Tous les renseignements personnels recueillis par le site sont strictement destin\u00e9s \u00e0 l\u2019usage interne de notre organisation et ne sont accessibles \u00e0 aucun de nos clients, partenaires, annonceurs ou autres intervenants ext\u00e9rieurs.<\/p>\n\n\n\n<p>Les employ\u00e9s qui s\u2019occupent de la gestion ainsi que le webmaster ont acc\u00e8s aux renseignements qui y sont recueillis. Seuls les employ\u00e9s ayant besoin de consulter les renseignements personnels ont acc\u00e8s \u00e0 l\u2019interface d\u2019administrateur.<\/p>\n\n\n\n<p>Pour ce qui est du webmaster, l\u2019acc\u00e8s est permis pour des raisons seulement pratique et de s\u00e9curit\u00e9 (mise \u00e0 jour, assistance technique, etc). Tous les usagers concern\u00e9s respectent la pr\u00e9sente politique.<\/p>\n\n\n\n<p>Les renseignements personnels collect\u00e9s sont conserv\u00e9s uniquement pour la dur\u00e9e n\u00e9cessaire \u00e0 la r\u00e9alisation des fins pour lesquelles ils ont \u00e9t\u00e9 collect\u00e9s, ou pour nous conformer \u00e0 nos obligations l\u00e9gales et\/ou r\u00e9glementaires. Une fois que les objets de la collecte sont accomplis, les renseignements personnels sont d\u00e9truits.<\/p>\n\n\n\n<p>En tout temps, les donn\u00e9es sont conserv\u00e9es de mani\u00e8re s\u00e9curitaire par la mise en place de mesures physiques, organisationnelles, contractuelles et technologiques.<\/p>\n\n\n\n<p><strong>R\u00e9serves<\/strong><\/p>\n\n\n\n<p>Mr Pooky Design se r\u00e9serve le droit de modifier la pr\u00e9sente politique de confidentialit\u00e9 sans pr\u00e9avis et vous invite donc \u00e0 la consulter p\u00e9riodiquement.<\/p>\n\n\n\n<p><strong>Consentement<\/strong><\/p>\n\n\n\n<p>En naviguant sur notre site Internet, vous donnez votre consentement, sans r\u00e9serve, \u00e0 la pr\u00e9sente politique de confidentialit\u00e9 dans son int\u00e9gralit\u00e9.<\/p>\n\n\n\n<p><strong>Boutique<\/strong><\/p>\n\n\n\n<p>La boutique WooCommerce vous permet de commander des produits. Les donn\u00e9es personnelles sont recueillies et enregistr\u00e9es dans notre site Internet.<\/p>\n\n\n\n<p>Les informations ne sont utilis\u00e9es que par notre organisation. WooCommerce n\u2019a aucun acc\u00e8s aux informations personnelles de nos clients.<\/p>\n\n\n\n<p>De plus, les paiements sont enti\u00e8rement g\u00e9r\u00e9s par PayPal et nous n\u2019avons aucunement acc\u00e8s \u00e0 vos donn\u00e9es bancaires.<\/p>\n\n\n\n<p><strong>Commentaires<\/strong><\/p>\n\n\n\n<p>Quand vous laissez un commentaire sur notre site, les donn\u00e9es inscrites dans le formulaire de commentaire, ainsi que votre adresse IP et l\u2019agent utilisateur de votre navigateur sont collect\u00e9s pour nous aider \u00e0 la d\u00e9tection des commentaires ind\u00e9sirables.<\/p>\n\n\n\n<p>Une cha\u00eene anonymis\u00e9e cr\u00e9\u00e9e \u00e0 partir de votre adresse courriel (\u00e9galement appel\u00e9e hash) peut \u00eatre envoy\u00e9e au service Gravatar pour v\u00e9rifier si vous utilisez ce dernier. Les clauses de confidentialit\u00e9 du service Gravatar sont disponibles ici&nbsp;: https:\/\/automattic.com\/privacy\/. Apr\u00e8s validation de votre commentaire, votre photo de profil sera visible publiquement \u00e0 cot\u00e9 de votre commentaire.<\/p>\n\n\n\n<p><strong>Cookies<\/strong><\/p>\n\n\n\n<p>Si vous d\u00e9posez un commentaire sur notre site, il vous sera propos\u00e9 d\u2019enregistrer votre nom, adresse courriel et site dans des cookies. C\u2019est uniquement pour votre confort afin de ne pas avoir \u00e0 saisir ces informations si vous d\u00e9posez un autre commentaire plus tard. Ces cookies expirent au bout d\u2019un an.<\/p>\n\n\n\n<p>Si vous vous rendez sur la page de connexion, un cookie temporaire sera cr\u00e9\u00e9 afin de d\u00e9terminer si votre navigateur accepte les cookies. Il ne contient pas de donn\u00e9es personnelles et sera supprim\u00e9 automatiquement \u00e0 la fermeture de votre navigateur.<\/p>\n\n\n\n<p>Lorsque vous vous connecterez, nous mettrons en place un certain nombre de cookies pour enregistrer vos informations de connexion et vos pr\u00e9f\u00e9rences d\u2019\u00e9cran. La dur\u00e9e de vie d\u2019un cookie de connexion est de deux jours, celle d\u2019un cookie d\u2019option d\u2019\u00e9cran est d\u2019un an. Si vous cochez \u00ab&nbsp;Se souvenir de moi&nbsp;\u00bb, votre cookie de connexion sera conserv\u00e9 pendant deux semaines. Si vous vous d\u00e9connectez de votre compte, le cookie de connexion sera effac\u00e9.<\/p>\n\n\n\n<p>En modifiant ou en publiant une publication, un cookie suppl\u00e9mentaire sera enregistr\u00e9 dans votre navigateur. Ce cookie ne comprend aucune donn\u00e9e personnelle. Il indique simplement l\u2019ID de la publication que vous venez de modifier. Il expire au bout d\u2019un jour.<\/p>\n\n\n\n<p><strong>Contenu embarqu\u00e9 depuis d\u2019autres sites<\/strong><\/p>\n\n\n\n<p>Les articles de ce site peuvent inclure des contenus int\u00e9gr\u00e9s (par exemple des vid\u00e9os, images, articles\u2026). Le contenu int\u00e9gr\u00e9 depuis d\u2019autres sites se comporte de la m\u00eame mani\u00e8re que si le visiteur se rendait sur cet autre site.<\/p>\n\n\n\n<p>Ces sites web pourraient collecter des donn\u00e9es sur vous, utiliser des cookies, embarquer des outils de suivis tiers, suivre vos interactions avec ces contenus embarqu\u00e9s si vous disposez d\u2019un compte connect\u00e9 sur leur site web.<\/p>\n\n\n\n<p>Par ailleurs, nous n\u2019avons aucun contr\u00f4le sur les sites externes. Toutes informations que vous transmettrez \u00e0 ces autres sites seront sujettes \u00e0 leurs politiques et pratiques de confidentialit\u00e9 respectives. Nous d\u00e9clinons toute responsabilit\u00e9 pour les abus \u00e9ventuels qui pourraient en d\u00e9couler. Pour toutes questions concernant les donn\u00e9es personnelles recueillies sur les sites tiers, veuillez consulter leur politique de confidentialit\u00e9.<\/p>\n\n\n\n<p><strong>Utilisation et transmission de vos donn\u00e9es personnelles<\/strong><\/p>\n\n\n\n<p>Si vous demandez une r\u00e9initialisation de votre mot de passe, votre adresse IP sera incluse dans l\u2019e-mail de r\u00e9initialisation.<\/p>\n\n\n\n<p><strong>Dur\u00e9es de stockage de vos donn\u00e9es<\/strong><\/p>\n\n\n\n<p>Si vous laissez un commentaire, le commentaire et ses m\u00e9tadonn\u00e9es sont conserv\u00e9s ind\u00e9finiment. Cela permet de reconna\u00eetre et approuver automatiquement les commentaires suivants au lieu de les laisser dans la file de mod\u00e9ration.<\/p>\n\n\n\n<p>Pour les comptes qui s\u2019inscrivent sur notre site (le cas \u00e9ch\u00e9ant), nous stockons \u00e9galement les donn\u00e9es personnelles indiqu\u00e9es dans leur profil. Tous les comptes peuvent voir, modifier ou supprimer leurs informations personnelles \u00e0 tout moment (\u00e0 l\u2019exception de leur identifiant). Les gestionnaires du site peuvent aussi voir et modifier ces informations.<\/p>\n\n\n\n<p><strong>Les droits que vous avez sur vos donn\u00e9es<\/strong><\/p>\n\n\n\n<p>Si vous avez un compte ou si vous avez laiss\u00e9 des commentaires sur le site, vous pouvez demander \u00e0 recevoir un fichier contenant toutes les donn\u00e9es personnelles que nous poss\u00e9dons \u00e0 votre sujet, incluant celles que vous nous avez fournies. Vous pouvez \u00e9galement demander la suppression des donn\u00e9es personnelles vous concernant. Cela ne prend pas en compte les donn\u00e9es stock\u00e9es \u00e0 des fins administratives, l\u00e9gales ou pour des raisons de s\u00e9curit\u00e9.<\/p>\n\n\n\n<p><strong>Transmission de vos donn\u00e9es personnelles<\/strong><\/p>\n\n\n\n<p>Les commentaires des visiteurs peuvent \u00eatre v\u00e9rifi\u00e9s \u00e0 l\u2019aide d\u2019un service automatis\u00e9 de d\u00e9tection des commentaires ind\u00e9sirables.<\/p>\n","protected":false},"excerpt":{"rendered":"<p>Qui sommes-nous&nbsp;? L\u2019adresse de notre site est&nbsp;: https:\/\/mrpookydesign.com. Loi 25 et protection des renseignements personnels Soyez assur\u00e9s que la protection des renseignements personnels est une priorit\u00e9 au sein de notre organisation. Dans cette optique, nous vous confirmons que Mr Pooky Design est conforme \u00e0 la loi 25. Il est important d\u2019assurer la protection de la [&#8230;]\n","protected":false},"author":2,"featured_media":0,"parent":0,"menu_order":0,"comment_status":"closed","ping_status":"closed","template":"","meta":{"footnotes":""},"class_list":["post-2453","page","type-page","status-publish","hentry"],"aioseo_notices":[],"_links":{"self":[{"href":"https:\/\/mrpookydesign.com\/fr\/wp-json\/wp\/v2\/pages\/2453","targetHints":{"allow":["GET"]}}],"collection":[{"href":"https:\/\/mrpookydesign.com\/fr\/wp-json\/wp\/v2\/pages"}],"about":[{"href":"https:\/\/mrpookydesign.com\/fr\/wp-json\/wp\/v2\/types\/page"}],"author":[{"embeddable":true,"href":"https:\/\/mrpookydesign.com\/fr\/wp-json\/wp\/v2\/users\/2"}],"replies":[{"embeddable":true,"href":"https:\/\/mrpookydesign.com\/fr\/wp-json\/wp\/v2\/comments?post=2453"}],"version-history":[{"count":7,"href":"https:\/\/mrpookydesign.com\/fr\/wp-json\/wp\/v2\/pages\/2453\/revisions"}],"predecessor-version":[{"id":3285,"href":"https:\/\/mrpookydesign.com\/fr\/wp-json\/wp\/v2\/pages\/2453\/revisions\/3285"}],"wp:attachment":[{"href":"https:\/\/mrpookydesign.com\/fr\/wp-json\/wp\/v2\/media?parent=2453"}],"curies":[{"name":"wp","href":"https:\/\/api.w.org\/{rel}","templated":true}]}}