{"id":14,"date":"2020-04-23T14:35:56","date_gmt":"2020-04-23T14:35:56","guid":{"rendered":"https:\/\/mrpookydesign.com\/?page_id=14"},"modified":"2025-12-01T15:03:10","modified_gmt":"2025-12-01T15:03:10","slug":"accueil","status":"publish","type":"page","link":"https:\/\/mrpookydesign.com\/fr\/","title":{"rendered":"Accueil"},"content":{"rendered":"\n\t<div id=\"text-3745901035\" class=\"text\">\n\t\t\n\n<h2 class=\"uppercase\" style=\"text-align: center;\"><strong><span style=\"font-size: 85%;\">NOUVEAUT\u00c9S<\/span><\/strong><\/h2>\n<h3 class=\"thin-font\" style=\"text-align: center;\">Ongles faits main &amp; illustrations imprimables r\u00e9cemment ajout\u00e9s<\/h3>\n\t\t\n<style>\n#text-3745901035 {\n  text-align: center;\n  color: #461a3e;\n}\n#text-3745901035 > * {\n  color: #461a3e;\n}\n<\/style>\n\t<\/div>\n\t\n\t<div id=\"gap-983229619\" class=\"gap-element clearfix\" style=\"display:block; height:auto;\">\n\t\t\n<style>\n#gap-983229619 {\n  padding-top: 20px;\n}\n<\/style>\n\t<\/div>\n\t\n\n<div class=\"container section-title-container\" ><h4 class=\"section-title section-title-center\"><b aria-hidden=\"true\"><\/b><span class=\"section-title-main\" style=\"font-size:150%;color:rgb(133, 68, 110);\">BY POOKY DESIGN<\/span><b aria-hidden=\"true\"><\/b><\/h4><\/div>\n\n\t<div id=\"gap-860966786\" class=\"gap-element clearfix\" style=\"display:block; height:auto;\">\n\t\t\n<style>\n#gap-860966786 {\n  padding-top: 20px;\n}\n<\/style>\n\t<\/div>\n\t\n\n\t<div id=\"text-2592739319\" class=\"text\">\n\t\t\n\n<h2 class=\"uppercase\" style=\"text-align: center;\">L\u2019art \u00e0 ton image. Des cr\u00e9ations qui suivent ton mood.<\/h2>\n<h3 class=\"thin-font\" style=\"text-align: center;\">Des cr\u00e9ations uniques, con\u00e7ues avec intention \u00e0 Montr\u00e9al.<\/h3>\n\t\t\n<style>\n#text-2592739319 {\n  text-align: center;\n  color: rgb(133, 155, 73);\n}\n#text-2592739319 > * {\n  color: rgb(133, 155, 73);\n}\n<\/style>\n\t<\/div>\n\t\n\t<div id=\"gap-878991976\" class=\"gap-element clearfix\" style=\"display:block; height:auto;\">\n\t\t\n<style>\n#gap-878991976 {\n  padding-top: 30px;\n}\n<\/style>\n\t<\/div>\n\t\n\n\n  <div class=\"banner has-hover\" id=\"banner-631738266\">\n          <div class=\"banner-inner fill\">\n        <div class=\"banner-bg fill\" >\n            <img decoding=\"async\" width=\"1\" height=\"1\" src=\"https:\/\/mrpookydesign.com\/wp-content\/uploads\/2025\/11\/BPD_BANNER-front.webp\" class=\"bg attachment-large size-large\" alt=\"\" \/>                        <div class=\"overlay\"><\/div>            \n                    <\/div>\n\t\t\n        <div class=\"banner-layers container\">\n            <div class=\"fill banner-link\"><\/div>            \n\n   <div id=\"text-box-1972893631\" class=\"text-box banner-layer x50 md-x50 lg-x50 y75 md-y75 lg-y75 res-text\">\n                                <div class=\"text-box-content text dark\">\n              \n              <div class=\"text-inner text-center\">\n                  \n\n\t<div id=\"text-4064673168\" class=\"text\">\n\t\t\n\n<h3 class=\"uppercase\" style=\"text-align: center;\"><span style=\"font-size: 100%;\"><strong>ONGLES PRESS-ON FAITS \u00c0 LA MAIN<\/strong><\/span><\/h3>\n<h4 style=\"text-align: center;\" data-start=\"1001\" data-end=\"1116\"><span style=\"font-size: 110%;\">R\u00e9utilisables, durables, et pens\u00e9s pour t\u2019accompagner dans chaque mood.<\/span><\/h4>\n\t\t\n<style>\n#text-4064673168 {\n  line-height: 1.7;\n  text-align: center;\n  color: rgb(255, 255, 255);\n}\n#text-4064673168 > * {\n  color: rgb(255, 255, 255);\n}\n<\/style>\n\t<\/div>\n\t\n<a data-animate=\"fadeInUp\" href=\"https:\/\/mrpookydesign.com\/product-category\/press-on-nails\/\" class=\"button success is-larger box-shadow-2\" style=\"border-radius:10px;padding:12px 16px 12px 16px;\">\n\t\t<span>trouve ton set parfait<\/span>\n\t<\/a>\n\n\n\n              <\/div>\n           <\/div>\n                            \n<style>\n#text-box-1972893631 {\n  width: 80%;\n}\n#text-box-1972893631 .text-box-content {\n  font-size: 100%;\n}\n<\/style>\n    <\/div>\n \n\n        <\/div>\n      <\/div>\n\n            \n<style>\n#banner-631738266 {\n  padding-top: 500px;\n}\n#banner-631738266 .overlay {\n  background-color: rgba(167, 196, 254, 0.221);\n}\n#banner-631738266 .banner-bg img {\n  object-position: 58% 55%;\n}\n<\/style>\n  <\/div>\n\n\n\t<div id=\"gap-1520056702\" class=\"gap-element clearfix\" style=\"display:block; height:auto;\">\n\t\t\n<style>\n#gap-1520056702 {\n  padding-top: 60px;\n}\n<\/style>\n\t<\/div>\n\t\n\n\t<div id=\"text-2431626951\" class=\"text\">\n\t\t\n\n<h3 style=\"text-align: center;\"><strong>Tu n&#8217;es pas s\u00fbre de tes grandeurs?&nbsp;<\/strong><\/h3>\n<h4 style=\"text-align: center;\">Le Sizing Kit est la fa\u00e7on la plus simple d\u2019obtenir un ajustement parfait.<\/h4>\n\t\t\n<style>\n#text-2431626951 {\n  text-align: center;\n  color: rgb(133, 68, 110);\n}\n#text-2431626951 > * {\n  color: rgb(133, 68, 110);\n}\n<\/style>\n\t<\/div>\n\t\n<div class=\"row\"  id=\"row-1536593088\">\n\n\n\t<div id=\"col-739571089\" class=\"col small-12 large-12\"  >\n\t\t\t\t<div class=\"col-inner text-center\"  >\n\t\t\t\n\t\t\t\n\n<a href=\"https:\/\/mrpookydesign.com\/product-category\/press-on-nails\/sizing-kit\/\" class=\"button success box-shadow-1 lowercase\" style=\"border-radius:10px;padding:6px 12px 6px 12px;\">\n\t\t<span>Sizing Kit<\/span>\n\t<\/a>\n\n\n\n\t\t<\/div>\n\t\t\t\t\n<style>\n#col-739571089 > .col-inner {\n  padding: 20px 0px 0px 0px;\n}\n<\/style>\n\t<\/div>\n\n\t\n\n<\/div>\n\t<div id=\"gap-1929771125\" class=\"gap-element clearfix\" style=\"display:block; height:auto;\">\n\t\t\n<style>\n#gap-1929771125 {\n  padding-top: 40px;\n}\n<\/style>\n\t<\/div>\n\t\n\n\n  <div class=\"banner has-hover\" id=\"banner-680685250\">\n          <div class=\"banner-inner fill\">\n        <div class=\"banner-bg fill\" >\n            <img decoding=\"async\" width=\"1020\" height=\"1020\" src=\"https:\/\/mrpookydesign.com\/wp-content\/uploads\/2024\/12\/1080x1080_SallySkellington-05-1024x1024.jpg\" class=\"bg attachment-large size-large\" alt=\"\" \/>                        <div class=\"overlay\"><\/div>            \n                    <\/div>\n\t\t\n        <div class=\"banner-layers container\">\n            <div class=\"fill banner-link\"><\/div>            \n\n   <div id=\"text-box-2082045512\" class=\"text-box banner-layer x50 md-x50 lg-x50 y75 md-y75 lg-y75 res-text\">\n                                <div class=\"text-box-content text dark\">\n              \n              <div class=\"text-inner text-center\">\n                  \n\n\t<div id=\"text-3609757990\" class=\"text\">\n\t\t\n\n<h2 class=\"uppercase\" style=\"text-align: center;\"><strong>MAGASINER PAR CAT\u00c9GORIE<\/strong><\/h2>\n<h4 style=\"text-align: center;\" data-start=\"2397\" data-end=\"2446\">Con\u00e7us pour inspirer. Fa\u00e7onn\u00e9s pour durer.<\/h4>\n\t\t\n<style>\n#text-3609757990 {\n  line-height: 1.7;\n  text-align: center;\n  color: rgb(255, 255, 255);\n}\n#text-3609757990 > * {\n  color: rgb(255, 255, 255);\n}\n<\/style>\n\t<\/div>\n\t\n<a data-animate=\"fadeInUp\" href=\"https:\/\/mrpookydesign.com\/fr\/categorie-produit\/faux-ongles-pret-a-porter\/\" class=\"button primary is-larger box-shadow-2\" style=\"border-radius:10px;padding:12px 16px 12px 16px;\">\n\t\t<span>PRESS-ONS NAILS<\/span>\n\t<\/a>\n\n\n<a data-animate=\"fadeInUp\" href=\"https:\/\/mrpookydesign.com\/fr\/categorie-produit\/creations-graphiques\/\" class=\"button primary is-larger box-shadow-2\" style=\"border-radius:10px;padding:12px 16px 12px 16px;\">\n\t\t<span>ART &amp; IMPRIM\u00c9<\/span>\n\t<\/a>\n\n\n\n              <\/div>\n           <\/div>\n                            \n<style>\n#text-box-2082045512 {\n  width: 80%;\n}\n#text-box-2082045512 .text-box-content {\n  font-size: 100%;\n}\n<\/style>\n    <\/div>\n \n\n        <\/div>\n      <\/div>\n\n            \n<style>\n#banner-680685250 {\n  padding-top: 500px;\n}\n#banner-680685250 .overlay {\n  background-color: rgba(70, 26, 62, 0.459);\n}\n#banner-680685250 .banner-bg img {\n  object-position: 58% 55%;\n}\n<\/style>\n  <\/div>\n\n\n\t<div id=\"gap-1809811641\" class=\"gap-element clearfix\" style=\"display:block; height:auto;\">\n\t\t\n<style>\n#gap-1809811641 {\n  padding-top: 60px;\n}\n<\/style>\n\t<\/div>\n\t\n\n\t<div id=\"text-4255389944\" class=\"text\">\n\t\t\n\n<p class=\"lead\" style=\"text-align: center;\">Parce que la cr\u00e9ativit\u00e9, c\u2019est bien plus qu\u2019un passe-temps. C\u2019est une fa\u00e7on de respirer.<\/p>\n\t\t\n<style>\n#text-4255389944 {\n  text-align: center;\n  color: rgb(133, 68, 110);\n}\n#text-4255389944 > * {\n  color: rgb(133, 68, 110);\n}\n<\/style>\n\t<\/div>\n\t\n\t<div id=\"gap-1405469799\" class=\"gap-element clearfix\" style=\"display:block; height:auto;\">\n\t\t\n<style>\n#gap-1405469799 {\n  padding-top: 20px;\n}\n<\/style>\n\t<\/div>\n\t\n\n\t<div id=\"text-2694188349\" class=\"text\">\n\t\t\n\n<h2 class=\"uppercase\" style=\"text-align: center;\">PLONGEZ DANS L\u2019ESPACE CR\u00c9ATIF<\/h2>\n<h3 style=\"text-align: center;\" data-start=\"1813\" data-end=\"1935\"><span style=\"font-size: 85%;\">Illustrations imprimables pens\u00e9es pour le r\u00e9confort, la cr\u00e9ativit\u00e9 et ces petits moments doux.<\/span><\/h3>\n\t\t\n<style>\n#text-2694188349 {\n  text-align: center;\n  color: rgb(133, 155, 73);\n}\n#text-2694188349 > * {\n  color: rgb(133, 155, 73);\n}\n<\/style>\n\t<\/div>\n\t\n\t<div id=\"gap-2012083941\" class=\"gap-element clearfix\" style=\"display:block; height:auto;\">\n\t\t\n<style>\n#gap-2012083941 {\n  padding-top: 30px;\n}\n<\/style>\n\t<\/div>\n\t\n\n\n  <div class=\"banner has-hover\" id=\"banner-1308962890\">\n          <div class=\"banner-inner fill\">\n        <div class=\"banner-bg fill\" >\n            <img decoding=\"async\" width=\"1\" height=\"1\" src=\"https:\/\/mrpookydesign.com\/wp-content\/uploads\/2025\/11\/BPD_BANNER-front-illus02.webp\" class=\"bg attachment-large size-large\" alt=\"\" \/>                        <div class=\"overlay\"><\/div>            \n                    <\/div>\n\t\t\n        <div class=\"banner-layers container\">\n            <div class=\"fill banner-link\"><\/div>            \n\n   <div id=\"text-box-627738554\" class=\"text-box banner-layer x50 md-x50 lg-x50 y90 md-y90 lg-y90 res-text\">\n                                <div class=\"text-box-content text dark\">\n              \n              <div class=\"text-inner text-center\">\n                  \n\n\t<div id=\"text-2964249762\" class=\"text\">\n\t\t\n\n<h3 style=\"text-align: center;\"><span style=\"font-size: 105%;\"><strong data-start=\"1985\" data-end=\"2016\">ART NUM\u00c9RIQUE &amp; IMPRIMABLES<\/strong><\/span><\/h3>\n<h4 style=\"text-align: center;\">Des pages cr\u00e9atives pour d\u00e9crocher, te recentrer et renouer avec ton c\u00f4t\u00e9 artistique.<\/h4>\n\t\t\n<style>\n#text-2964249762 {\n  line-height: 1.7;\n  text-align: center;\n  color: rgb(255, 255, 255);\n}\n#text-2964249762 > * {\n  color: rgb(255, 255, 255);\n}\n<\/style>\n\t<\/div>\n\t\n<a data-animate=\"fadeInUp\" href=\"https:\/\/mrpookydesign.com\/product-category\/press-on-nails\/\" class=\"button success is-larger box-shadow-2\" style=\"border-radius:10px;padding:12px 16px 12px 16px;\">\n\t\t<span>magasiner<\/span>\n\t<\/a>\n\n\n\n              <\/div>\n           <\/div>\n                            \n<style>\n#text-box-627738554 {\n  width: 80%;\n}\n#text-box-627738554 .text-box-content {\n  font-size: 100%;\n}\n<\/style>\n    <\/div>\n \n\n        <\/div>\n      <\/div>\n\n            \n<style>\n#banner-1308962890 {\n  padding-top: 500px;\n}\n#banner-1308962890 .overlay {\n  background-color: rgba(58, 58, 58, 0.372);\n}\n#banner-1308962890 .banner-bg img {\n  object-position: 36% 29%;\n}\n<\/style>\n  <\/div>\n\n\n\t<div id=\"gap-1963698994\" class=\"gap-element clearfix\" style=\"display:block; height:auto;\">\n\t\t\n<style>\n#gap-1963698994 {\n  padding-top: 90px;\n}\n<\/style>\n\t<\/div>\n\t\n\n\t<div id=\"text-1691586809\" class=\"text\">\n\t\t\n\n<p class=\"lead\" style=\"text-align: center;\"><em>L\u00e0 o\u00f9 la seule limite est ton imagination.<\/em><\/p>\n\t\t\n<style>\n#text-1691586809 {\n  text-align: center;\n  color: rgb(70, 26, 62);\n}\n#text-1691586809 > * {\n  color: rgb(70, 26, 62);\n}\n<\/style>\n\t<\/div>\n\t\n\n\n\n<p><\/p>\n","protected":false},"excerpt":{"rendered":"","protected":false},"author":2,"featured_media":0,"parent":0,"menu_order":0,"comment_status":"closed","ping_status":"closed","template":"","meta":{"footnotes":""},"class_list":["post-14","page","type-page","status-publish","hentry"],"aioseo_notices":[],"_links":{"self":[{"href":"https:\/\/mrpookydesign.com\/fr\/wp-json\/wp\/v2\/pages\/14","targetHints":{"allow":["GET"]}}],"collection":[{"href":"https:\/\/mrpookydesign.com\/fr\/wp-json\/wp\/v2\/pages"}],"about":[{"href":"https:\/\/mrpookydesign.com\/fr\/wp-json\/wp\/v2\/types\/page"}],"author":[{"embeddable":true,"href":"https:\/\/mrpookydesign.com\/fr\/wp-json\/wp\/v2\/users\/2"}],"replies":[{"embeddable":true,"href":"https:\/\/mrpookydesign.com\/fr\/wp-json\/wp\/v2\/comments?post=14"}],"version-history":[{"count":133,"href":"https:\/\/mrpookydesign.com\/fr\/wp-json\/wp\/v2\/pages\/14\/revisions"}],"predecessor-version":[{"id":5526,"href":"https:\/\/mrpookydesign.com\/fr\/wp-json\/wp\/v2\/pages\/14\/revisions\/5526"}],"wp:attachment":[{"href":"https:\/\/mrpookydesign.com\/fr\/wp-json\/wp\/v2\/media?parent=14"}],"curies":[{"name":"wp","href":"https:\/\/api.w.org\/{rel}","templated":true}]}}